{"id":38683,"date":"2024-12-02T09:18:03","date_gmt":"2024-12-02T08:18:03","guid":{"rendered":"https:\/\/www.datasciencetech.institute\/politique-de-remboursement-des-frais-de-scolarite\/"},"modified":"2024-12-02T09:25:06","modified_gmt":"2024-12-02T08:25:06","slug":"politique-remboursement-frais-scolarite","status":"publish","type":"page","link":"https:\/\/dsti.school\/fr\/politique-remboursement-frais-scolarite\/","title":{"rendered":"Politique de Remboursement des Frais de Scolarit\u00e9"},"content":{"rendered":"\t\t<div data-elementor-type=\"wp-page\" data-elementor-id=\"38683\" class=\"elementor elementor-38683 elementor-38671\" data-elementor-post-type=\"page\">\n\t\t\t\t<div data-particle_enable=\"false\" data-particle-mobile-disabled=\"false\" class=\"elementor-element elementor-element-f04964b e-flex e-con-boxed e-con e-parent\" data-id=\"f04964b\" data-element_type=\"container\" data-e-type=\"container\">\n\t\t\t\t\t<div class=\"e-con-inner\">\n\t\t\t\t<div class=\"elementor-element elementor-element-d444eb6 elementor-widget elementor-widget-theme-post-title elementor-page-title elementor-widget-heading\" data-id=\"d444eb6\" data-element_type=\"widget\" data-e-type=\"widget\" data-widget_type=\"theme-post-title.default\">\n\t\t\t\t\t<h1 class=\"elementor-heading-title elementor-size-default\">Politique de Remboursement des Frais de Scolarit\u00e9<\/h1>\t\t\t\t<\/div>\n\t\t\t\t\t<\/div>\n\t\t\t\t<\/div>\n\t\t<div data-particle_enable=\"false\" data-particle-mobile-disabled=\"false\" class=\"elementor-element elementor-element-66dea5c e-flex e-con-boxed e-con e-parent\" data-id=\"66dea5c\" data-element_type=\"container\" data-e-type=\"container\">\n\t\t\t\t\t<div class=\"e-con-inner\">\n\t\t<div data-particle_enable=\"false\" data-particle-mobile-disabled=\"false\" class=\"elementor-element elementor-element-4a4cc18 e-con-full e-flex e-con e-child\" data-id=\"4a4cc18\" data-element_type=\"container\" data-e-type=\"container\">\n\t\t\t\t<div class=\"elementor-element elementor-element-fd44ffc elementor-widget elementor-widget-text-editor\" data-id=\"fd44ffc\" data-element_type=\"widget\" data-e-type=\"widget\" data-widget_type=\"text-editor.default\">\n\t\t\t\t\t\t\t\t\t<h3>D\u00e9finitions:<\/h3>\n<h4><b><span data-contrast=\"none\">Candidat admis<\/span><\/b> <span data-contrast=\"none\">:<\/span><\/h4>\n<p>Personne ayant r\u00e9ussi tous les processus d\u2019\u00e9ligibilit\u00e9 et d\u2019admissibilit\u00e9 de DSTI School of Engineering <i>(Data ScienceTech Institute)<\/i> et ayant re\u00e7u une offre d\u2019admission.<\/p>\n<h4><span data-contrast=\"none\"><b><span data-contrast=\"none\">\u00c9tudiant<\/span><\/b> <span data-contrast=\"none\">:<\/span><\/span><\/h4>\n<p>Personne inscrite qui a commenc\u00e9 le programme DSTI en mode pr\u00e9sentiel ou distanciel, \u00e0 plein temps, temps partiel, ou de mani\u00e8re asynchrone.<\/p>\t\t\t\t\t\t\t\t<\/div>\n\t\t\t\t<div class=\"elementor-element elementor-element-3f41f72 elementor-widget elementor-widget-text-editor\" data-id=\"3f41f72\" data-element_type=\"widget\" data-e-type=\"widget\" data-widget_type=\"text-editor.default\">\n\t\t\t\t\t\t\t\t\t<h3>Conditions de remboursement:<\/h3>\n<p><strong>A. L&rsquo;acompte n&rsquo;est jamais remboursable, quelle que soit la situation.<\/strong><\/p>\n<p>B. Les demandeurs de visa doivent payer en avance tous les frais de scolarit\u00e9 pour une ann\u00e9e acad\u00e9mique afin d&rsquo;obtenir une lettre d&rsquo;admission et b\u00e9n\u00e9ficier du soutien complet de DSTI pour leur demande de visa et leur arriv\u00e9e en France.<\/p>\n<p>C. Si un candidat admis d\u00e9cide de ne pas participer au programme et informe DSTI avant le 1er septembre (pour les rentr\u00e9es d&rsquo;automne) ou le 1er mars (pour les rentr\u00e9es de printemps), tous les frais de scolarit\u00e9, sauf l&rsquo;acompte, seront rembours\u00e9s. Apr\u00e8s ces dates, le candidat sera redevable de 50% des frais de scolarit\u00e9 totaux.<\/p>\n<p>D. Les \u00e9tudiants qui quittent le programme \u00e0 partir du premier jour de cours sont redevables de 100% des frais de scolarit\u00e9. Cette r\u00e8gle s&rsquo;applique \u00e9galement aux \u00e9tudiants qui reportent leur rentr\u00e9e et d\u00e9cident ensuite de ne pas participer.<\/p>\n<p>E. Les candidats admis ayant une acceptation conditionnelle mais n&rsquo;ayant pas satisfait aux conditions requises avant le d\u00e9but du programme seront rembours\u00e9s de tous les frais de scolarit\u00e9, sauf l&rsquo;acompte. Ils peuvent \u00e9galement reporter leur inscription \u00e0 la session suivante, transf\u00e9rant ainsi leur acompte.<\/p>\n<p>F. Les demandeurs de visa qui n&rsquo;obtiennent pas leur visa et choisissent de se retirer ou de reporter leur rentr\u00e9e doivent suivre les conditions \u00e9nonc\u00e9es aux sections A \u00e0 E. Les \u00e9tudiants peuvent commencer leurs cours en ligne en attendant l&rsquo;obtention de leur visa.<\/p>\n<p>G. DSTI fournit un service complet de soutien pour la demande de visa, inclus dans les frais de scolarit\u00e9. Les candidats doivent suivre ce processus rigoureusement. Ceux qui re\u00e7oivent un refus de visa et ont pleinement respect\u00e9 le processus ont les options de commencer les cours en ligne, de reporter leur rentr\u00e9e ou d&rsquo;annuler leur inscription. Ceux qui n&rsquo;ont pas respect\u00e9 le processus devront payer 50% des frais de scolarit\u00e9 en cas d&rsquo;annulation.<\/p>\n<p>H. En cas d&rsquo;exclusion du programme ou si le dipl\u00f4me n&rsquo;est pas valid\u00e9, les frais de scolarit\u00e9 restent dus en totalit\u00e9 et aucun remboursement n&rsquo;est possible.<\/p>\n<p>I. Les remboursements seront effectu\u00e9s par virement bancaire dans un d\u00e9lai de 30 jours fin de mois. Le candidat ou l&rsquo;\u00e9tudiant prend en charge les frais bancaires et les pertes de change.<\/p>\n<p>J. Toute modification de programme, mode ou rythme est soumise \u00e0 l&rsquo;approbation de DSTI et, le cas \u00e9ch\u00e9ant, du tiers payeur. Si les frais de scolarit\u00e9 changent:<\/p>\n<p>i. Si les nouveaux frais sont plus \u00e9lev\u00e9s, l&rsquo;\u00e9tudiant et son tiers payeur doivent r\u00e9gler la diff\u00e9rence avant que les changements soient effectu\u00e9s. <\/p>\n<p>ii. Si les nouveaux frais sont identiques, les changements sont simplement notifi\u00e9s. <\/p>\n<p>iii. Si les nouveaux frais sont inf\u00e9rieurs, les changements sont notifi\u00e9s et le surplus est rembours\u00e9 conform\u00e9ment \u00e0 la section I. <\/p>\n\t\t\t\t\t\t\t\t<\/div>\n\t\t\t\t<\/div>\n\t\t\t\t\t<\/div>\n\t\t\t\t<\/div>\n\t\t\t\t<\/div>\n\t\t","protected":false},"excerpt":{"rendered":"<p>D\u00e9finitions: Candidat admis : Personne ayant r\u00e9ussi tous les processus d\u2019\u00e9ligibilit\u00e9 et d\u2019admissibilit\u00e9 de DSTI School of Engineering (Data ScienceTech Institute) et ayant re\u00e7u une offre d\u2019admission. \u00c9tudiant : Personne inscrite qui a commenc\u00e9 le programme DSTI en mode pr\u00e9sentiel ou distanciel, \u00e0 plein temps, temps partiel, ou de mani\u00e8re asynchrone. Conditions de remboursement: A. [&hellip;]<\/p>\n","protected":false},"author":13,"featured_media":0,"parent":0,"menu_order":0,"comment_status":"closed","ping_status":"closed","template":"elementor_header_footer","meta":{"content-type":"","inline_featured_image":false,"footnotes":""},"categories":[],"tags":[],"class_list":["post-38683","page","type-page","status-publish","hentry"],"_links":{"self":[{"href":"https:\/\/dsti.school\/fr\/wp-json\/wp\/v2\/pages\/38683","targetHints":{"allow":["GET"]}}],"collection":[{"href":"https:\/\/dsti.school\/fr\/wp-json\/wp\/v2\/pages"}],"about":[{"href":"https:\/\/dsti.school\/fr\/wp-json\/wp\/v2\/types\/page"}],"author":[{"embeddable":true,"href":"https:\/\/dsti.school\/fr\/wp-json\/wp\/v2\/users\/13"}],"replies":[{"embeddable":true,"href":"https:\/\/dsti.school\/fr\/wp-json\/wp\/v2\/comments?post=38683"}],"version-history":[{"count":0,"href":"https:\/\/dsti.school\/fr\/wp-json\/wp\/v2\/pages\/38683\/revisions"}],"wp:attachment":[{"href":"https:\/\/dsti.school\/fr\/wp-json\/wp\/v2\/media?parent=38683"}],"wp:term":[{"taxonomy":"category","embeddable":true,"href":"https:\/\/dsti.school\/fr\/wp-json\/wp\/v2\/categories?post=38683"},{"taxonomy":"post_tag","embeddable":true,"href":"https:\/\/dsti.school\/fr\/wp-json\/wp\/v2\/tags?post=38683"}],"curies":[{"name":"wp","href":"https:\/\/api.w.org\/{rel}","templated":true}]}}