{"id":38188,"date":"2024-11-25T10:22:47","date_gmt":"2024-11-25T09:22:47","guid":{"rendered":"https:\/\/www.datasciencetech.institute\/?page_id=38188"},"modified":"2024-11-25T10:29:16","modified_gmt":"2024-11-25T09:29:16","slug":"mentions-legales","status":"publish","type":"page","link":"https:\/\/dsti.school\/fr\/mentions-legales\/","title":{"rendered":"Mentions L\u00e9gales"},"content":{"rendered":"\t\t<div data-elementor-type=\"wp-page\" data-elementor-id=\"38188\" class=\"elementor elementor-38188\" data-elementor-post-type=\"page\">\n\t\t\t\t<div data-particle_enable=\"false\" data-particle-mobile-disabled=\"false\" class=\"elementor-element elementor-element-644739b e-flex e-con-boxed e-con e-parent\" data-id=\"644739b\" data-element_type=\"container\" data-e-type=\"container\">\n\t\t\t\t\t<div class=\"e-con-inner\">\n\t\t\t\t<div class=\"elementor-element elementor-element-66b4309 elementor-widget elementor-widget-heading\" data-id=\"66b4309\" data-element_type=\"widget\" data-e-type=\"widget\" data-widget_type=\"heading.default\">\n\t\t\t\t\t<h1 class=\"elementor-heading-title elementor-size-default\">Mentions L\u00e9gales<\/h1>\t\t\t\t<\/div>\n\t\t\t\t\t<\/div>\n\t\t\t\t<\/div>\n\t\t<div data-particle_enable=\"false\" data-particle-mobile-disabled=\"false\" class=\"elementor-element elementor-element-7f75906 e-flex e-con-boxed e-con e-parent\" data-id=\"7f75906\" data-element_type=\"container\" data-e-type=\"container\">\n\t\t\t\t\t<div class=\"e-con-inner\">\n\t\t\t\t<div class=\"elementor-element elementor-element-921ad4d elementor-widget elementor-widget-spacer\" data-id=\"921ad4d\" data-element_type=\"widget\" data-e-type=\"widget\" data-widget_type=\"spacer.default\">\n\t\t\t\t\t\t\t<div class=\"elementor-spacer\">\n\t\t\t<div class=\"elementor-spacer-inner\"><\/div>\n\t\t<\/div>\n\t\t\t\t\t\t<\/div>\n\t\t\t\t\t<\/div>\n\t\t\t\t<\/div>\n\t\t<div data-particle_enable=\"false\" data-particle-mobile-disabled=\"false\" class=\"elementor-element elementor-element-c482e10 e-flex e-con-boxed e-con e-parent\" data-id=\"c482e10\" data-element_type=\"container\" data-e-type=\"container\">\n\t\t\t\t\t<div class=\"e-con-inner\">\n\t\t\t\t<div class=\"elementor-element elementor-element-0346c2a elementor-widget elementor-widget-heading\" data-id=\"0346c2a\" data-element_type=\"widget\" data-e-type=\"widget\" data-widget_type=\"heading.default\">\n\t\t\t\t\t<h2 class=\"elementor-heading-title elementor-size-default\">Editeur<\/h2>\t\t\t\t<\/div>\n\t\t\t\t<div class=\"elementor-element elementor-element-c84629e elementor-widget elementor-widget-text-editor\" data-id=\"c84629e\" data-element_type=\"widget\" data-e-type=\"widget\" data-widget_type=\"text-editor.default\">\n\t\t\t\t\t\t\t\t\t<p>Data ScienceTech Institute (DSTI School of Engineering)<br \/>RCS Antibes : 810 239 137<br \/>Si\u00e8ge social : 950 Route des Colles, Les Templiers, 06410 Sophia-Antipolis (Biot)<br \/>Standard : +33 (0) 489 412 944<br \/>E-mail : communication@dsti.institute<br \/>R\u00e9dacteur : S\u00e9bastien Corniglion<br \/>H\u00e9bergeur : Amazon AWS<\/p>\t\t\t\t\t\t\t\t<\/div>\n\t\t\t\t\t<\/div>\n\t\t\t\t<\/div>\n\t\t<div data-particle_enable=\"false\" data-particle-mobile-disabled=\"false\" class=\"elementor-element elementor-element-fcd6504 e-flex e-con-boxed e-con e-parent\" data-id=\"fcd6504\" data-element_type=\"container\" data-e-type=\"container\">\n\t\t\t\t\t<div class=\"e-con-inner\">\n\t\t\t\t<div class=\"elementor-element elementor-element-302ffb6 elementor-widget elementor-widget-heading\" data-id=\"302ffb6\" data-element_type=\"widget\" data-e-type=\"widget\" data-widget_type=\"heading.default\">\n\t\t\t\t\t<h2 class=\"elementor-heading-title elementor-size-default\">Droits d'auteur<\/h2>\t\t\t\t<\/div>\n\t\t\t\t<div class=\"elementor-element elementor-element-50d0c73 elementor-widget elementor-widget-text-editor\" data-id=\"50d0c73\" data-element_type=\"widget\" data-e-type=\"widget\" data-widget_type=\"text-editor.default\">\n\t\t\t\t\t\t\t\t\t<p>L\u2019ensemble de ce site rel\u00e8ve de la l\u00e9gislation fran\u00e7aise et internationale sur le droit d\u2019auteur et la propri\u00e9t\u00e9 intellectuelle. Tous les droits de reproduction sont r\u00e9serv\u00e9s, y compris pour les documents t\u00e9l\u00e9chargeables et les repr\u00e9sentations iconographiques et photographiques. La reproduction de tout ou partie de ce site sur quelque support que ce soit est formellement interdite sauf autorisation pr\u00e9alable.<\/p>\t\t\t\t\t\t\t\t<\/div>\n\t\t\t\t\t<\/div>\n\t\t\t\t<\/div>\n\t\t<div data-particle_enable=\"false\" data-particle-mobile-disabled=\"false\" class=\"elementor-element elementor-element-0b92bc1 e-flex e-con-boxed e-con e-parent\" data-id=\"0b92bc1\" data-element_type=\"container\" data-e-type=\"container\">\n\t\t\t\t\t<div class=\"e-con-inner\">\n\t\t\t\t<div class=\"elementor-element elementor-element-f1bdb55 elementor-widget elementor-widget-heading\" data-id=\"f1bdb55\" data-element_type=\"widget\" data-e-type=\"widget\" data-widget_type=\"heading.default\">\n\t\t\t\t\t<h2 class=\"elementor-heading-title elementor-size-default\">Exactitude de l\u2019information<\/h2>\t\t\t\t<\/div>\n\t\t\t\t<div class=\"elementor-element elementor-element-57f9c75 elementor-widget elementor-widget-text-editor\" data-id=\"57f9c75\" data-element_type=\"widget\" data-e-type=\"widget\" data-widget_type=\"text-editor.default\">\n\t\t\t\t\t\t\t\t\tNous remercions tout utilisateur qui constaterait des inexactitudes, des informations erron\u00e9es ou incompl\u00e8tes d\u2019en informer le responsable de la publication aupr\u00e8s de communication@dsti.institute\t\t\t\t\t\t\t\t<\/div>\n\t\t\t\t\t<\/div>\n\t\t\t\t<\/div>\n\t\t<div data-particle_enable=\"false\" data-particle-mobile-disabled=\"false\" class=\"elementor-element elementor-element-9f9f1f2 e-flex e-con-boxed e-con e-parent\" data-id=\"9f9f1f2\" data-element_type=\"container\" data-e-type=\"container\">\n\t\t\t\t\t<div class=\"e-con-inner\">\n\t\t\t\t<div class=\"elementor-element elementor-element-3751242 elementor-widget elementor-widget-heading\" data-id=\"3751242\" data-element_type=\"widget\" data-e-type=\"widget\" data-widget_type=\"heading.default\">\n\t\t\t\t\t<h2 class=\"elementor-heading-title elementor-size-default\">Cr\u00e9dits photos<\/h2>\t\t\t\t<\/div>\n\t\t\t\t<div class=\"elementor-element elementor-element-61ba699 elementor-widget elementor-widget-text-editor\" data-id=\"61ba699\" data-element_type=\"widget\" data-e-type=\"widget\" data-widget_type=\"text-editor.default\">\n\t\t\t\t\t\t\t\t\t<p>Unsplash<\/p><p>Shutterstock<\/p><p>Adobe<\/p><p>DSTI School of Engineering<\/p>\t\t\t\t\t\t\t\t<\/div>\n\t\t\t\t\t<\/div>\n\t\t\t\t<\/div>\n\t\t\t\t<\/div>\n\t\t","protected":false},"excerpt":{"rendered":"<p>Mentions L\u00e9gales Editeur Data ScienceTech Institute (DSTI School of Engineering)RCS Antibes : 810 239 137Si\u00e8ge social : 950 Route des Colles, Les Templiers, 06410 Sophia-Antipolis (Biot)Standard : +33 (0) 489 412 944E-mail : communication@dsti.instituteR\u00e9dacteur : S\u00e9bastien CorniglionH\u00e9bergeur : Amazon AWS Droits d&rsquo;auteur L\u2019ensemble de ce site rel\u00e8ve de la l\u00e9gislation fran\u00e7aise et internationale sur le [&hellip;]<\/p>\n","protected":false},"author":13,"featured_media":0,"parent":0,"menu_order":0,"comment_status":"closed","ping_status":"closed","template":"elementor_header_footer","meta":{"content-type":"","inline_featured_image":false,"footnotes":""},"categories":[],"tags":[],"class_list":["post-38188","page","type-page","status-publish","hentry"],"_links":{"self":[{"href":"https:\/\/dsti.school\/fr\/wp-json\/wp\/v2\/pages\/38188","targetHints":{"allow":["GET"]}}],"collection":[{"href":"https:\/\/dsti.school\/fr\/wp-json\/wp\/v2\/pages"}],"about":[{"href":"https:\/\/dsti.school\/fr\/wp-json\/wp\/v2\/types\/page"}],"author":[{"embeddable":true,"href":"https:\/\/dsti.school\/fr\/wp-json\/wp\/v2\/users\/13"}],"replies":[{"embeddable":true,"href":"https:\/\/dsti.school\/fr\/wp-json\/wp\/v2\/comments?post=38188"}],"version-history":[{"count":0,"href":"https:\/\/dsti.school\/fr\/wp-json\/wp\/v2\/pages\/38188\/revisions"}],"wp:attachment":[{"href":"https:\/\/dsti.school\/fr\/wp-json\/wp\/v2\/media?parent=38188"}],"wp:term":[{"taxonomy":"category","embeddable":true,"href":"https:\/\/dsti.school\/fr\/wp-json\/wp\/v2\/categories?post=38188"},{"taxonomy":"post_tag","embeddable":true,"href":"https:\/\/dsti.school\/fr\/wp-json\/wp\/v2\/tags?post=38188"}],"curies":[{"name":"wp","href":"https:\/\/api.w.org\/{rel}","templated":true}]}}