{"id":28824,"date":"2024-01-29T17:47:26","date_gmt":"2024-01-29T16:47:26","guid":{"rendered":"https:\/\/www.datasciencetech.institute\/merci-de-votre-inscription-jpo-de-la-dsti\/"},"modified":"2025-01-09T15:50:43","modified_gmt":"2025-01-09T14:50:43","slug":"merci-inscription-jpo-dsti","status":"publish","type":"page","link":"https:\/\/dsti.school\/fr\/merci-inscription-jpo-dsti\/","title":{"rendered":"Merci pour votre inscription aux JPO DSTI"},"content":{"rendered":"\t\t<div data-elementor-type=\"wp-page\" data-elementor-id=\"28824\" class=\"elementor elementor-28824 elementor-28819\" data-elementor-post-type=\"page\">\n\t\t\t\t<div data-particle_enable=\"false\" data-particle-mobile-disabled=\"false\" class=\"elementor-element elementor-element-44c0907 e-flex e-con-boxed e-con e-parent\" data-id=\"44c0907\" data-element_type=\"container\" data-e-type=\"container\">\n\t\t\t\t\t<div class=\"e-con-inner\">\n\t\t<div data-particle_enable=\"false\" data-particle-mobile-disabled=\"false\" class=\"elementor-element elementor-element-ac16aac e-flex e-con-boxed e-con e-child\" data-id=\"ac16aac\" data-element_type=\"container\" data-e-type=\"container\">\n\t\t\t\t\t<div class=\"e-con-inner\">\n\t\t\t\t<div class=\"elementor-element elementor-element-236d0db elementor-widget elementor-widget-heading\" data-id=\"236d0db\" data-element_type=\"widget\" data-e-type=\"widget\" data-widget_type=\"heading.default\">\n\t\t\t\t\t<h1 class=\"elementor-heading-title elementor-size-default\">Merci pour votre inscription aux JPO DSTI<\/h1>\t\t\t\t<\/div>\n\t\t\t\t<div class=\"elementor-element elementor-element-391f29d elementor-widget elementor-widget-text-editor\" data-id=\"391f29d\" data-element_type=\"widget\" data-e-type=\"widget\" data-widget_type=\"text-editor.default\">\n\t\t\t\t\t\t\t\t\t<p>Merci de vous \u00eatre inscrit aux Journ\u00e9es Portes Ouvertes de DSTI School of Engineering. Nous sommes ravis de vous pr\u00e9senter les opportunit\u00e9s qu&rsquo;offrent nos programmes pour faire progresser votre carri\u00e8re.<\/p>\t\t\t\t\t\t\t\t<\/div>\n\t\t\t\t\t<\/div>\n\t\t\t\t<\/div>\n\t\t<div data-particle_enable=\"false\" data-particle-mobile-disabled=\"false\" class=\"elementor-element elementor-element-3c9ab80 e-con-full e-flex e-con e-child\" data-id=\"3c9ab80\" data-element_type=\"container\" data-e-type=\"container\">\n\t\t\t\t<div class=\"elementor-element elementor-element-80d98e6 elementor-widget elementor-widget-image\" data-id=\"80d98e6\" data-element_type=\"widget\" data-e-type=\"widget\" data-widget_type=\"image.default\">\n\t\t\t\t\t\t\t\t\t\t\t\t\t\t\t<img fetchpriority=\"high\" decoding=\"async\" width=\"800\" height=\"450\" src=\"https:\/\/media.dsti.school\/wp-content\/uploads\/2024\/01\/29160900\/Open-Day-JPO-for-Msc-at-DSTI-1024x576.png\" class=\"attachment-large size-large wp-image-27922\" alt=\"\" srcset=\"https:\/\/media.dsti.school\/wp-content\/uploads\/2024\/01\/29160900\/Open-Day-JPO-for-Msc-at-DSTI-1024x576.png 1024w, https:\/\/media.dsti.school\/wp-content\/uploads\/2024\/01\/29160900\/Open-Day-JPO-for-Msc-at-DSTI-300x169.png 300w, https:\/\/media.dsti.school\/wp-content\/uploads\/2024\/01\/29160900\/Open-Day-JPO-for-Msc-at-DSTI-768x432.png 768w, https:\/\/media.dsti.school\/wp-content\/uploads\/2024\/01\/29160900\/Open-Day-JPO-for-Msc-at-DSTI-1536x864.png 1536w, https:\/\/media.dsti.school\/wp-content\/uploads\/2024\/01\/29160900\/Open-Day-JPO-for-Msc-at-DSTI.png 1920w\" sizes=\"(max-width: 800px) 100vw, 800px\" \/>\t\t\t\t\t\t\t\t\t\t\t\t\t\t\t<\/div>\n\t\t\t\t<\/div>\n\t\t\t\t\t<\/div>\n\t\t\t\t<\/div>\n\t\t<div data-particle_enable=\"false\" data-particle-mobile-disabled=\"false\" class=\"elementor-element elementor-element-344c9d6 e-flex e-con-boxed e-con e-parent\" data-id=\"344c9d6\" data-element_type=\"container\" data-e-type=\"container\">\n\t\t\t\t\t<div class=\"e-con-inner\">\n\t\t<div data-particle_enable=\"false\" data-particle-mobile-disabled=\"false\" class=\"elementor-element elementor-element-bf0c35f e-flex e-con-boxed e-con e-child\" data-id=\"bf0c35f\" data-element_type=\"container\" data-e-type=\"container\">\n\t\t\t\t\t<div class=\"e-con-inner\">\n\t\t\t\t<div class=\"elementor-element elementor-element-408a5de elementor-widget elementor-widget-heading\" data-id=\"408a5de\" data-element_type=\"widget\" data-e-type=\"widget\" data-widget_type=\"heading.default\">\n\t\t\t\t\t<h2 class=\"elementor-heading-title elementor-size-default\">Points Forts de la Journ\u00e9e:<\/h2>\t\t\t\t<\/div>\n\t\t\t\t\t<\/div>\n\t\t\t\t<\/div>\n\t\t<div data-particle_enable=\"false\" data-particle-mobile-disabled=\"false\" class=\"elementor-element elementor-element-f745b5f e-flex e-con-boxed e-con e-child\" data-id=\"f745b5f\" data-element_type=\"container\" data-e-type=\"container\">\n\t\t\t\t\t<div class=\"e-con-inner\">\n\t\t<div data-particle_enable=\"false\" data-particle-mobile-disabled=\"false\" class=\"elementor-element elementor-element-804dfef e-con-full e-flex e-con e-child\" data-id=\"804dfef\" data-element_type=\"container\" data-e-type=\"container\">\n\t\t\t\t<div class=\"elementor-element elementor-element-6510941 elementor-widget elementor-widget-heading\" data-id=\"6510941\" data-element_type=\"widget\" data-e-type=\"widget\" data-widget_type=\"heading.default\">\n\t\t\t\t\t<h3 class=\"elementor-heading-title elementor-size-default\">Visites des campus<\/h3>\t\t\t\t<\/div>\n\t\t\t\t<div class=\"elementor-element elementor-element-b678e18 elementor-widget elementor-widget-text-editor\" data-id=\"b678e18\" data-element_type=\"widget\" data-e-type=\"widget\" data-widget_type=\"text-editor.default\">\n\t\t\t\t\t\t\t\t\t<p>D\u00e9couvrez les campus de DSTI mais ausssi <i>(et surtout !) <\/i>la possibilit\u00e9 d&rsquo;assister \u00e0 nos cours.<\/p>\t\t\t\t\t\t\t\t<\/div>\n\t\t\t\t<\/div>\n\t\t<div data-particle_enable=\"false\" data-particle-mobile-disabled=\"false\" class=\"elementor-element elementor-element-9ba7bb8 e-con-full e-flex e-con e-child\" data-id=\"9ba7bb8\" data-element_type=\"container\" data-e-type=\"container\">\n\t\t\t\t<div class=\"elementor-element elementor-element-579219b elementor-widget elementor-widget-heading\" data-id=\"579219b\" data-element_type=\"widget\" data-e-type=\"widget\" data-widget_type=\"heading.default\">\n\t\t\t\t\t<h3 class=\"elementor-heading-title elementor-size-default\">\u00c9changes avec nos professeurs et \u00e9tudiants<\/h3>\t\t\t\t<\/div>\n\t\t\t\t<div class=\"elementor-element elementor-element-c0a8aa1 elementor-widget elementor-widget-text-editor\" data-id=\"c0a8aa1\" data-element_type=\"widget\" data-e-type=\"widget\" data-widget_type=\"text-editor.default\">\n\t\t\t\t\t\t\t\t\t<p>Rencontrez nos professeurs et \u00e9tudiants pour d\u00e9couvrir la vie sur le campus, nos programmes et la mani\u00e8re dont nos cours sont con\u00e7us pour faire avancer votre carri\u00e8re.<\/p>\t\t\t\t\t\t\t\t<\/div>\n\t\t\t\t<\/div>\n\t\t<div data-particle_enable=\"false\" data-particle-mobile-disabled=\"false\" class=\"elementor-element elementor-element-7d16f93 e-con-full e-flex e-con e-child\" data-id=\"7d16f93\" data-element_type=\"container\" data-e-type=\"container\">\n\t\t\t\t<div class=\"elementor-element elementor-element-2a472d3 elementor-widget elementor-widget-heading\" data-id=\"2a472d3\" data-element_type=\"widget\" data-e-type=\"widget\" data-widget_type=\"heading.default\">\n\t\t\t\t\t<h3 class=\"elementor-heading-title elementor-size-default\">Soutien \u00e0 votre d\u00e9p\u00f4t de candidature<\/h3>\t\t\t\t<\/div>\n\t\t\t\t<div class=\"elementor-element elementor-element-4694cea elementor-widget elementor-widget-text-editor\" data-id=\"4694cea\" data-element_type=\"widget\" data-e-type=\"widget\" data-widget_type=\"text-editor.default\">\n\t\t\t\t\t\t\t\t\t<p>Nos \u00e9quipes sont l\u00e0 pour vous renseigner et accompagner pour bien comprendre les attendus de notre processus d&rsquo;admission. Elles sont disponibles pour \u00e9tudier un dossier complet et, si votre profil correspond \u00e0 nos crit\u00e8res, vous aurez la possibilit\u00e9 d&rsquo;acc\u00e9l\u00e9rer votre admission.<\/p>\t\t\t\t\t\t\t\t<\/div>\n\t\t\t\t<\/div>\n\t\t<div data-particle_enable=\"false\" data-particle-mobile-disabled=\"false\" class=\"elementor-element elementor-element-d1487f4 e-con-full e-flex e-con e-child\" data-id=\"d1487f4\" data-element_type=\"container\" data-e-type=\"container\">\n\t\t\t\t<div class=\"elementor-element elementor-element-6af24db elementor-widget elementor-widget-heading\" data-id=\"6af24db\" data-element_type=\"widget\" data-e-type=\"widget\" data-widget_type=\"heading.default\">\n\t\t\t\t\t<h3 class=\"elementor-heading-title elementor-size-default\">Drinks &amp; Games!<\/h3>\t\t\t\t<\/div>\n\t\t\t\t<div class=\"elementor-element elementor-element-2363aa6 elementor-widget elementor-widget-text-editor\" data-id=\"2363aa6\" data-element_type=\"widget\" data-e-type=\"widget\" data-widget_type=\"text-editor.default\">\n\t\t\t\t\t\t\t\t\t<p>D\u00e9gustez un ap\u00e9ritif tout en vous m\u00ealant aux professeurs, au personnel, aux \u00e9tudiants et aux autres participants ainsi que des jeux IRL ou sur la Playstation 5 !<\/p>\t\t\t\t\t\t\t\t<\/div>\n\t\t\t\t<\/div>\n\t\t\t\t\t<\/div>\n\t\t\t\t<\/div>\n\t\t\t\t\t<\/div>\n\t\t\t\t<\/div>\n\t\t<div data-particle_enable=\"false\" data-particle-mobile-disabled=\"false\" class=\"elementor-element elementor-element-7d55fa7 e-flex e-con-boxed e-con e-parent\" data-id=\"7d55fa7\" data-element_type=\"container\" data-e-type=\"container\">\n\t\t\t\t\t<div class=\"e-con-inner\">\n\t\t<div data-particle_enable=\"false\" data-particle-mobile-disabled=\"false\" class=\"elementor-element elementor-element-62c97d7 e-flex e-con-boxed e-con e-child\" data-id=\"62c97d7\" data-element_type=\"container\" data-e-type=\"container\">\n\t\t\t\t\t<div class=\"e-con-inner\">\n\t\t\t\t<div class=\"elementor-element elementor-element-534e111 elementor-widget elementor-widget-heading\" data-id=\"534e111\" data-element_type=\"widget\" data-e-type=\"widget\" data-widget_type=\"heading.default\">\n\t\t\t\t\t<h3 class=\"elementor-heading-title elementor-size-default\">L'email d'information de la JPO selectionn\u00e9e est envoy\u00e9 environ une semaine avant la tenue de celle-ci.<\/h3>\t\t\t\t<\/div>\n\t\t\t\t<div class=\"elementor-element elementor-element-30227ee elementor-widget elementor-widget-text-editor\" data-id=\"30227ee\" data-element_type=\"widget\" data-e-type=\"widget\" data-widget_type=\"text-editor.default\">\n\t\t\t\t\t\t\t\t\t<p>Vous trouverez alors dans votre bo\u00eete de r\u00e9ception un email d&rsquo;information sur l&rsquo;organisation et comment assister \u00e0 la Journ\u00e9e Portes Ouvertes. Pensez alors \u00e9galement \u00e0 v\u00e9rifier vos dossiers de courriers ind\u00e9sirables ou autres dossiers, et ajoutez notre adresse \u00e0 votre liste de contacts pour ne manquer aucune de nos communications.<\/p>\t\t\t\t\t\t\t\t<\/div>\n\t\t\t\t<div class=\"elementor-element elementor-element-c81eb70 elementor-widget elementor-widget-text-editor\" data-id=\"c81eb70\" data-element_type=\"widget\" data-e-type=\"widget\" data-widget_type=\"text-editor.default\">\n\t\t\t\t\t\t\t\t\t<p>Pour toute question ou assistance, contactez-nous \u00e0 <a href=\"mailto:contact@dsti.school\" target=\"_blank\" rel=\"noopener\">contact@dsti.school<\/a>\u00a0ou appelez le <a href=\"tel:0033489412944\" target=\"_blank\" rel=\"noopener\">+33 (0) 489 412 944<\/a>.<\/p><p>Nous attendons avec impatience votre participation et serons ravis de vous guider sur votre chemin d&rsquo;enseignement et d&#8217;emploi.<\/p>\t\t\t\t\t\t\t\t<\/div>\n\t\t\t\t\t<\/div>\n\t\t\t\t<\/div>\n\t\t\t\t\t<\/div>\n\t\t\t\t<\/div>\n\t\t\t\t<\/div>\n\t\t","protected":false},"excerpt":{"rendered":"<p>Merci de vous \u00eatre inscrit aux Journ\u00e9es Portes Ouvertes de DSTI School of Engineering. Nous sommes ravis de vous pr\u00e9senter les opportunit\u00e9s qu&rsquo;offrent nos programmes pour faire progresser votre carri\u00e8re. Points Forts de la Journ\u00e9e: Visites des campus D\u00e9couvrez les campus de DSTI mais ausssi (et surtout !) la possibilit\u00e9 d&rsquo;assister \u00e0 nos cours. \u00c9changes [&hellip;]<\/p>\n","protected":false},"author":3,"featured_media":27922,"parent":0,"menu_order":0,"comment_status":"closed","ping_status":"closed","template":"","meta":{"content-type":"","inline_featured_image":false,"footnotes":""},"categories":[],"tags":[],"class_list":["post-28824","page","type-page","status-publish","has-post-thumbnail","hentry"],"_links":{"self":[{"href":"https:\/\/dsti.school\/fr\/wp-json\/wp\/v2\/pages\/28824","targetHints":{"allow":["GET"]}}],"collection":[{"href":"https:\/\/dsti.school\/fr\/wp-json\/wp\/v2\/pages"}],"about":[{"href":"https:\/\/dsti.school\/fr\/wp-json\/wp\/v2\/types\/page"}],"author":[{"embeddable":true,"href":"https:\/\/dsti.school\/fr\/wp-json\/wp\/v2\/users\/3"}],"replies":[{"embeddable":true,"href":"https:\/\/dsti.school\/fr\/wp-json\/wp\/v2\/comments?post=28824"}],"version-history":[{"count":12,"href":"https:\/\/dsti.school\/fr\/wp-json\/wp\/v2\/pages\/28824\/revisions"}],"predecessor-version":[{"id":40975,"href":"https:\/\/dsti.school\/fr\/wp-json\/wp\/v2\/pages\/28824\/revisions\/40975"}],"wp:featuredmedia":[{"embeddable":true,"href":"https:\/\/dsti.school\/fr\/wp-json\/wp\/v2\/media\/27922"}],"wp:attachment":[{"href":"https:\/\/dsti.school\/fr\/wp-json\/wp\/v2\/media?parent=28824"}],"wp:term":[{"taxonomy":"category","embeddable":true,"href":"https:\/\/dsti.school\/fr\/wp-json\/wp\/v2\/categories?post=28824"},{"taxonomy":"post_tag","embeddable":true,"href":"https:\/\/dsti.school\/fr\/wp-json\/wp\/v2\/tags?post=28824"}],"curies":[{"name":"wp","href":"https:\/\/api.w.org\/{rel}","templated":true}]}}