{"id":28814,"date":"2024-01-29T16:28:44","date_gmt":"2024-01-29T15:28:44","guid":{"rendered":"https:\/\/www.datasciencetech.institute\/decouvrez-votre-avenir-dans-le-domaine-des-donnees-lors-de-la-jpo-2024\/"},"modified":"2025-02-19T11:56:25","modified_gmt":"2025-02-19T10:56:25","slug":"inscription-jpo-dsti","status":"publish","type":"page","link":"https:\/\/dsti.school\/fr\/inscription-jpo-dsti\/","title":{"rendered":"Journ\u00e9es Portes Ouvertes DSTI en 2025"},"content":{"rendered":"\t\t<div data-elementor-type=\"wp-page\" data-elementor-id=\"28814\" class=\"elementor elementor-28814 elementor-28805\" data-elementor-post-type=\"page\">\n\t\t\t\t<div data-particle_enable=\"false\" data-particle-mobile-disabled=\"false\" class=\"elementor-element elementor-element-44c0907 e-flex e-con-boxed e-con e-parent\" data-id=\"44c0907\" data-element_type=\"container\" data-e-type=\"container\">\n\t\t\t\t\t<div class=\"e-con-inner\">\n\t\t<div data-particle_enable=\"false\" data-particle-mobile-disabled=\"false\" class=\"elementor-element elementor-element-ac16aac e-flex e-con-boxed e-con e-child\" data-id=\"ac16aac\" data-element_type=\"container\" data-e-type=\"container\">\n\t\t\t\t\t<div class=\"e-con-inner\">\n\t\t\t\t<div class=\"elementor-element elementor-element-236d0db elementor-widget elementor-widget-heading\" data-id=\"236d0db\" data-element_type=\"widget\" data-e-type=\"widget\" data-widget_type=\"heading.default\">\n\t\t\t\t\t<h1 class=\"elementor-heading-title elementor-size-default\">Journ\u00e9es Portes Ouvertes DSTI en 2025<\/h1>\t\t\t\t<\/div>\n\t\t\t\t\t<\/div>\n\t\t\t\t<\/div>\n\t\t<div data-particle_enable=\"false\" data-particle-mobile-disabled=\"false\" class=\"elementor-element elementor-element-3c9ab80 e-con-full e-flex e-con e-child\" data-id=\"3c9ab80\" data-element_type=\"container\" data-e-type=\"container\">\n\t\t\t\t<div class=\"elementor-element elementor-element-80d98e6 elementor-widget elementor-widget-image\" data-id=\"80d98e6\" data-element_type=\"widget\" data-e-type=\"widget\" data-widget_type=\"image.default\">\n\t\t\t\t\t\t\t\t\t\t\t\t\t\t\t<img fetchpriority=\"high\" decoding=\"async\" width=\"800\" height=\"450\" src=\"https:\/\/media.dsti.school\/wp-content\/uploads\/2024\/01\/29160900\/Open-Day-JPO-for-Bachelor-at-DSTI-1024x576.png\" class=\"attachment-large size-large wp-image-27924\" alt=\"\" srcset=\"https:\/\/media.dsti.school\/wp-content\/uploads\/2024\/01\/29160900\/Open-Day-JPO-for-Bachelor-at-DSTI-1024x576.png 1024w, https:\/\/media.dsti.school\/wp-content\/uploads\/2024\/01\/29160900\/Open-Day-JPO-for-Bachelor-at-DSTI-300x169.png 300w, https:\/\/media.dsti.school\/wp-content\/uploads\/2024\/01\/29160900\/Open-Day-JPO-for-Bachelor-at-DSTI-768x432.png 768w, https:\/\/media.dsti.school\/wp-content\/uploads\/2024\/01\/29160900\/Open-Day-JPO-for-Bachelor-at-DSTI-1536x864.png 1536w, https:\/\/media.dsti.school\/wp-content\/uploads\/2024\/01\/29160900\/Open-Day-JPO-for-Bachelor-at-DSTI.png 1920w\" sizes=\"(max-width: 800px) 100vw, 800px\" \/>\t\t\t\t\t\t\t\t\t\t\t\t\t\t\t<\/div>\n\t\t\t\t<\/div>\n\t\t\t\t\t<\/div>\n\t\t\t\t<\/div>\n\t\t<div data-particle_enable=\"false\" data-particle-mobile-disabled=\"false\" class=\"elementor-element elementor-element-05f2e9f e-flex e-con-boxed e-con e-parent\" data-id=\"05f2e9f\" data-element_type=\"container\" data-e-type=\"container\">\n\t\t\t\t\t<div class=\"e-con-inner\">\n\t\t<div data-particle_enable=\"false\" data-particle-mobile-disabled=\"false\" class=\"elementor-element elementor-element-03acf8a e-flex e-con-boxed e-con e-child\" data-id=\"03acf8a\" data-element_type=\"container\" data-e-type=\"container\">\n\t\t\t\t\t<div class=\"e-con-inner\">\n\t\t\t\t<div class=\"elementor-element elementor-element-639194c elementor-widget elementor-widget-heading\" data-id=\"639194c\" data-element_type=\"widget\" data-e-type=\"widget\" data-widget_type=\"heading.default\">\n\t\t\t\t\t<h2 class=\"elementor-heading-title elementor-size-default\">Inscrivez-vous d\u00e8s maintenant pour les Journ\u00e9es Portes Ouvertes de DSTI en 2025<\/h2>\t\t\t\t<\/div>\n\t\t\t\t\t<\/div>\n\t\t\t\t<\/div>\n\t\t<div data-particle_enable=\"false\" data-particle-mobile-disabled=\"false\" class=\"elementor-element elementor-element-bc209bb e-flex e-con-boxed e-con e-child\" data-id=\"bc209bb\" data-element_type=\"container\" data-e-type=\"container\">\n\t\t\t\t\t<div class=\"e-con-inner\">\n\t\t<div data-particle_enable=\"false\" data-particle-mobile-disabled=\"false\" class=\"elementor-element elementor-element-1645d39 e-flex e-con-boxed e-con e-child\" data-id=\"1645d39\" data-element_type=\"container\" data-e-type=\"container\">\n\t\t\t\t\t<div class=\"e-con-inner\">\n\t\t\t\t<div class=\"elementor-element elementor-element-e0ee549 elementor-widget elementor-widget-text-editor\" data-id=\"e0ee549\" data-element_type=\"widget\" data-e-type=\"widget\" data-widget_type=\"text-editor.default\">\n\t\t\t\t\t\t\t\t\t<p><span data-teams=\"true\">Participez \u00e0 nos Journ\u00e9es Portes Ouvertes pour d\u00e9couvrir en d\u00e9tail les programmes de DSTI. Apprenez-en davantage sur les opportunit\u00e9s de carri\u00e8re dans les domaines de l\u2019informatique, des sciences et de l\u2019ing\u00e9nierie des donn\u00e9es, de l\u2019IA et de la cybers\u00e9curit\u00e9. Inscrivez-vous d\u00e8s maintenant pour en savoir plus et pr\u00e9parer votre avenir professionnel.<\/span><\/p>\t\t\t\t\t\t\t\t<\/div>\n\t\t\t\t<div class=\"elementor-element elementor-element-a23a16a elementor-widget elementor-widget-image\" data-id=\"a23a16a\" data-element_type=\"widget\" data-e-type=\"widget\" data-widget_type=\"image.default\">\n\t\t\t\t\t\t\t\t\t\t\t\t\t\t\t<img decoding=\"async\" width=\"800\" height=\"534\" src=\"https:\/\/media.dsti.school\/wp-content\/uploads\/2025\/01\/24135658\/DSTI_Paris_Students-1024x683.jpg\" class=\"attachment-large size-large wp-image-41770\" alt=\"\" srcset=\"https:\/\/media.dsti.school\/wp-content\/uploads\/2025\/01\/24135658\/DSTI_Paris_Students-1024x683.jpg 1024w, https:\/\/media.dsti.school\/wp-content\/uploads\/2025\/01\/24135658\/DSTI_Paris_Students-300x200.jpg 300w, https:\/\/media.dsti.school\/wp-content\/uploads\/2025\/01\/24135658\/DSTI_Paris_Students-768x512.jpg 768w, https:\/\/media.dsti.school\/wp-content\/uploads\/2025\/01\/24135658\/DSTI_Paris_Students-1536x1025.jpg 1536w, https:\/\/media.dsti.school\/wp-content\/uploads\/2025\/01\/24135658\/DSTI_Paris_Students-2048x1366.jpg 2048w, https:\/\/media.dsti.school\/wp-content\/uploads\/2025\/01\/24135658\/DSTI_Paris_Students-scaled.avif 1920w\" sizes=\"(max-width: 800px) 100vw, 800px\" \/>\t\t\t\t\t\t\t\t\t\t\t\t\t\t\t<\/div>\n\t\t\t\t\t<\/div>\n\t\t\t\t<\/div>\n\t\t<div data-particle_enable=\"false\" data-particle-mobile-disabled=\"false\" class=\"elementor-element elementor-element-e3addd4 e-con-full e-flex e-con e-child\" data-id=\"e3addd4\" data-element_type=\"container\" data-e-type=\"container\">\n\t\t\t\t<div class=\"elementor-element elementor-element-f2269f3 elementor-button-align-stretch elementor-widget elementor-widget-form\" data-id=\"f2269f3\" data-element_type=\"widget\" data-e-type=\"widget\" data-settings=\"{&quot;step_next_label&quot;:&quot;Next&quot;,&quot;step_previous_label&quot;:&quot;Previous&quot;,&quot;button_width&quot;:&quot;100&quot;,&quot;step_type&quot;:&quot;number_text&quot;,&quot;step_icon_shape&quot;:&quot;circle&quot;}\" data-widget_type=\"form.default\">\n\t\t\t\t\t\t\t<form class=\"elementor-form\" method=\"post\" id=\"new_jpo_2025\" name=\"JPO_2025_New\" aria-label=\"JPO_2025_New\">\n\t\t\t<input type=\"hidden\" name=\"post_id\" value=\"28814\"\/>\n\t\t\t<input type=\"hidden\" name=\"form_id\" value=\"f2269f3\"\/>\n\t\t\t<input type=\"hidden\" name=\"referer_title\" value=\"Journ\u00e9es Portes Ouvertes DSTI en 2025 | DSTI School of Engineering\" \/>\n\n\t\t\t\t\t\t\t<input type=\"hidden\" name=\"queried_id\" value=\"28814\"\/>\n\t\t\t\n\t\t\t<div class=\"elementor-form-fields-wrapper elementor-labels-above\">\n\t\t\t\t\t\t\t\t<div class=\"elementor-field-type-select elementor-field-group elementor-column elementor-field-group-field_5a081db elementor-col-100 elementor-field-required elementor-mark-required\">\n\t\t\t\t\t\t\t\t\t\t\t\t<label for=\"form-field-field_5a081db\" class=\"elementor-field-label\">\n\t\t\t\t\t\t\t\tDate des JPO\t\t\t\t\t\t\t<\/label>\n\t\t\t\t\t\t\t\t<div class=\"elementor-field elementor-select-wrapper remove-before \">\n\t\t\t<div class=\"select-caret-down-wrapper\">\n\t\t\t\t<svg aria-hidden=\"true\" class=\"e-font-icon-svg e-eicon-caret-down\" viewBox=\"0 0 571.4 571.4\" xmlns=\"http:\/\/www.w3.org\/2000\/svg\"><path d=\"M571 393Q571 407 561 418L311 668Q300 679 286 679T261 668L11 418Q0 407 0 393T11 368 36 357H536Q550 357 561 368T571 393Z\"><\/path><\/svg>\t\t\t<\/div>\n\t\t\t<select name=\"form_fields[field_5a081db]\" id=\"form-field-field_5a081db\" class=\"elementor-field-textual elementor-size-sm\" required=\"required\">\n\t\t\t\t\t\t\t\t\t<option value=\"2025-04-02\">02\/04\/2025<\/option>\n\t\t\t\t\t\t\t\t\t<option value=\"2025-05-14\">14\/05\/2025<\/option>\n\t\t\t\t\t\t\t<\/select>\n\t\t<\/div>\n\t\t\t\t\t\t<\/div>\n\t\t\t\t\t\t\t\t<div class=\"elementor-field-type-text elementor-field-group elementor-column elementor-field-group-name elementor-col-100 elementor-field-required elementor-mark-required\">\n\t\t\t\t\t\t\t\t\t\t\t\t<label for=\"form-field-name\" class=\"elementor-field-label\">\n\t\t\t\t\t\t\t\tPr\u00e9nom\t\t\t\t\t\t\t<\/label>\n\t\t\t\t\t\t\t\t\t\t\t\t\t\t<input size=\"1\" type=\"text\" name=\"form_fields[name]\" id=\"form-field-name\" class=\"elementor-field elementor-size-sm  elementor-field-textual\" placeholder=\"Pr\u00e9nom\" required=\"required\">\n\t\t\t\t\t\t\t\t\t\t\t<\/div>\n\t\t\t\t\t\t\t\t<div class=\"elementor-field-type-text elementor-field-group elementor-column elementor-field-group-field_bd62621 elementor-col-100 elementor-field-required elementor-mark-required\">\n\t\t\t\t\t\t\t\t\t\t\t\t<label for=\"form-field-field_bd62621\" class=\"elementor-field-label\">\n\t\t\t\t\t\t\t\tNom\t\t\t\t\t\t\t<\/label>\n\t\t\t\t\t\t\t\t\t\t\t\t\t\t<input size=\"1\" type=\"text\" name=\"form_fields[field_bd62621]\" id=\"form-field-field_bd62621\" class=\"elementor-field elementor-size-sm  elementor-field-textual\" placeholder=\"Nom de famille\" required=\"required\">\n\t\t\t\t\t\t\t\t\t\t\t<\/div>\n\t\t\t\t\t\t\t\t<div class=\"elementor-field-type-email elementor-field-group elementor-column elementor-field-group-email elementor-col-100 elementor-field-required elementor-mark-required\">\n\t\t\t\t\t\t\t\t\t\t\t\t<label for=\"form-field-email\" class=\"elementor-field-label\">\n\t\t\t\t\t\t\t\tEmail\t\t\t\t\t\t\t<\/label>\n\t\t\t\t\t\t\t\t\t\t\t\t\t\t<input size=\"1\" type=\"email\" name=\"form_fields[email]\" id=\"form-field-email\" class=\"elementor-field elementor-size-sm  elementor-field-textual\" placeholder=\"Email\" required=\"required\">\n\t\t\t\t\t\t\t\t\t\t\t<\/div>\n\t\t\t\t\t\t\t\t<div class=\"elementor-field-type-tel elementor-field-group elementor-column elementor-field-group-message elementor-col-100\">\n\t\t\t\t\t\t\t\t\t\t\t\t<label for=\"form-field-message\" class=\"elementor-field-label\">\n\t\t\t\t\t\t\t\tT\u00e9l\u00e9phone\t\t\t\t\t\t\t<\/label>\n\t\t\t\t\t\t\t\t<input size=\"1\" type=\"tel\" name=\"form_fields[message]\" id=\"form-field-message\" class=\"elementor-field elementor-size-sm  elementor-field-textual\" placeholder=\"+33600000000\" pattern=\"[0-9()#&amp;+*-=.]+\" title=\"Seuls les caract\u00e8res de num\u00e9ros de t\u00e9l\u00e9phone (#, -, *, etc.) sont accept\u00e9s.\">\n\n\t\t\t\t\t\t<\/div>\n\t\t\t\t\t\t\t\t<div class=\"elementor-field-type-radio elementor-field-group elementor-column elementor-field-group-field_655a9ee elementor-col-100 elementor-field-required elementor-mark-required\">\n\t\t\t\t\t\t\t\t\t\t\t\t<label for=\"form-field-field_655a9ee\" class=\"elementor-field-label\">\n\t\t\t\t\t\t\t\tNiveau d'\u00e9tudes envisag\u00e9\t\t\t\t\t\t\t<\/label>\n\t\t\t\t\t\t<div class=\"elementor-field-subgroup  elementor-subgroup-inline\"><span class=\"elementor-field-option\"><input type=\"radio\" value=\"Bachelor\" id=\"form-field-field_655a9ee-0\" name=\"form_fields[field_655a9ee]\" required=\"required\"> <label for=\"form-field-field_655a9ee-0\">Bachelor<\/label><\/span><span class=\"elementor-field-option\"><input type=\"radio\" value=\"MSc\" id=\"form-field-field_655a9ee-1\" name=\"form_fields[field_655a9ee]\" required=\"required\"> <label for=\"form-field-field_655a9ee-1\">MSc<\/label><\/span><\/div>\t\t\t\t<\/div>\n\t\t\t\t\t\t\t\t<div class=\"elementor-field-type-radio elementor-field-group elementor-column elementor-field-group-field_0fd3e39 elementor-col-100 elementor-field-required elementor-mark-required\">\n\t\t\t\t\t\t\t\t\t\t\t\t<label for=\"form-field-field_0fd3e39\" class=\"elementor-field-label\">\n\t\t\t\t\t\t\t\tNous vous verrons sur le campus DSTI de\t\t\t\t\t\t\t<\/label>\n\t\t\t\t\t\t<div class=\"elementor-field-subgroup  elementor-subgroup-inline\"><span class=\"elementor-field-option\"><input type=\"radio\" value=\"Nice Sophia-Antipolis\" id=\"form-field-field_0fd3e39-0\" name=\"form_fields[field_0fd3e39]\" required=\"required\"> <label for=\"form-field-field_0fd3e39-0\">Nice Sophia-Antipolis<\/label><\/span><span class=\"elementor-field-option\"><input type=\"radio\" value=\"Paris\" id=\"form-field-field_0fd3e39-1\" name=\"form_fields[field_0fd3e39]\" required=\"required\"> <label for=\"form-field-field_0fd3e39-1\">Paris<\/label><\/span><\/div>\t\t\t\t<\/div>\n\t\t\t\t\t\t\t\t<div class=\"elementor-field-type-radio elementor-field-group elementor-column elementor-field-group-field_bd88573 elementor-col-100 elementor-field-required elementor-mark-required\">\n\t\t\t\t\t\t\t\t\t\t\t\t<label for=\"form-field-field_bd88573\" class=\"elementor-field-label\">\n\t\t\t\t\t\t\t\tVous parlez\t\t\t\t\t\t\t<\/label>\n\t\t\t\t\t\t<div class=\"elementor-field-subgroup  elementor-subgroup-inline\"><span class=\"elementor-field-option\"><input type=\"radio\" value=\"Fran\u00e7ais\" id=\"form-field-field_bd88573-0\" name=\"form_fields[field_bd88573]\" required=\"required\"> <label for=\"form-field-field_bd88573-0\">Fran\u00e7ais<\/label><\/span><span class=\"elementor-field-option\"><input type=\"radio\" value=\"English\" id=\"form-field-field_bd88573-1\" name=\"form_fields[field_bd88573]\" required=\"required\"> <label for=\"form-field-field_bd88573-1\">English<\/label><\/span><span class=\"elementor-field-option\"><input type=\"radio\" value=\"Both!\" id=\"form-field-field_bd88573-2\" name=\"form_fields[field_bd88573]\" required=\"required\"> <label for=\"form-field-field_bd88573-2\">Both!<\/label><\/span><\/div>\t\t\t\t<\/div>\n\t\t\t\t\t\t\t\t<div class=\"elementor-field-group elementor-column elementor-field-type-submit elementor-col-100 e-form__buttons\">\n\t\t\t\t\t<button class=\"elementor-button elementor-size-sm\" type=\"submit\">\n\t\t\t\t\t\t<span class=\"elementor-button-content-wrapper\">\n\t\t\t\t\t\t\t\t\t\t\t\t\t\t\t<span class=\"elementor-button-icon\">\n\t\t\t\t\t\t\t\t\t<svg aria-hidden=\"true\" class=\"e-font-icon-svg e-fas-rocket\" viewBox=\"0 0 512 512\" xmlns=\"http:\/\/www.w3.org\/2000\/svg\"><path d=\"M505.12019,19.09375c-1.18945-5.53125-6.65819-11-12.207-12.1875C460.716,0,435.507,0,410.40747,0,307.17523,0,245.26909,55.20312,199.05238,128H94.83772c-16.34763.01562-35.55658,11.875-42.88664,26.48438L2.51562,253.29688A28.4,28.4,0,0,0,0,264a24.00867,24.00867,0,0,0,24.00582,24H127.81618l-22.47457,22.46875c-11.36521,11.36133-12.99607,32.25781,0,45.25L156.24582,406.625c11.15623,11.1875,32.15619,13.15625,45.27726,0l22.47457-22.46875V488a24.00867,24.00867,0,0,0,24.00581,24,28.55934,28.55934,0,0,0,10.707-2.51562l98.72834-49.39063c14.62888-7.29687,26.50776-26.5,26.50776-42.85937V312.79688c72.59753-46.3125,128.03493-108.40626,128.03493-211.09376C512.07526,76.5,512.07526,51.29688,505.12019,19.09375ZM384.04033,168A40,40,0,1,1,424.05,128,40.02322,40.02322,0,0,1,384.04033,168Z\"><\/path><\/svg>\t\t\t\t\t\t\t\t\t\t\t\t\t\t\t\t\t<\/span>\n\t\t\t\t\t\t\t\t\t\t\t\t\t\t\t\t\t\t\t\t\t\t<span class=\"elementor-button-text\">Je m'inscris !<\/span>\n\t\t\t\t\t\t\t\t\t\t\t\t\t<\/span>\n\t\t\t\t\t<\/button>\n\t\t\t\t<\/div>\n\t\t\t<\/div>\n\t\t<\/form>\n\t\t\t\t\t\t<\/div>\n\t\t\t\t<\/div>\n\t\t\t\t\t<\/div>\n\t\t\t\t<\/div>\n\t\t\t\t\t<\/div>\n\t\t\t\t<\/div>\n\t\t<div data-particle_enable=\"false\" data-particle-mobile-disabled=\"false\" class=\"elementor-element elementor-element-3c32197 e-flex e-con-boxed e-con e-parent\" data-id=\"3c32197\" data-element_type=\"container\" data-e-type=\"container\">\n\t\t\t\t\t<div class=\"e-con-inner\">\n\t\t<div data-particle_enable=\"false\" data-particle-mobile-disabled=\"false\" class=\"elementor-element elementor-element-3d85a34 e-flex e-con-boxed e-con e-child\" data-id=\"3d85a34\" data-element_type=\"container\" data-e-type=\"container\">\n\t\t\t\t\t<div class=\"e-con-inner\">\n\t\t\t\t<div class=\"elementor-element elementor-element-da4501b elementor-widget elementor-widget-heading\" data-id=\"da4501b\" data-element_type=\"widget\" data-e-type=\"widget\" data-widget_type=\"heading.default\">\n\t\t\t\t\t<h2 class=\"elementor-heading-title elementor-size-default\">Les points forts de nos Journ\u00e9es Portes Ouvertes<\/h2>\t\t\t\t<\/div>\n\t\t\t\t\t<\/div>\n\t\t\t\t<\/div>\n\t\t<div data-particle_enable=\"false\" data-particle-mobile-disabled=\"false\" class=\"elementor-element elementor-element-50d7116 e-flex e-con-boxed e-con e-child\" data-id=\"50d7116\" data-element_type=\"container\" data-e-type=\"container\">\n\t\t\t\t\t<div class=\"e-con-inner\">\n\t\t<div data-particle_enable=\"false\" data-particle-mobile-disabled=\"false\" class=\"elementor-element elementor-element-487e6d8 e-flex e-con-boxed e-con e-child\" data-id=\"487e6d8\" data-element_type=\"container\" data-e-type=\"container\">\n\t\t\t\t\t<div class=\"e-con-inner\">\n\t\t\t\t<div class=\"elementor-element elementor-element-1f8c2e0 elementor-widget elementor-widget-heading\" data-id=\"1f8c2e0\" data-element_type=\"widget\" data-e-type=\"widget\" data-widget_type=\"heading.default\">\n\t\t\t\t\t<h3 class=\"elementor-heading-title elementor-size-default\">Visites des campus<\/h3>\t\t\t\t<\/div>\n\t\t\t\t<div class=\"elementor-element elementor-element-7400164 elementor-widget elementor-widget-text-editor\" data-id=\"7400164\" data-element_type=\"widget\" data-e-type=\"widget\" data-widget_type=\"text-editor.default\">\n\t\t\t\t\t\t\t\t\t<p><span data-teams=\"true\">D\u00e9couvrez les campus de DSTI mais aussi (et surtout !) la possibilit\u00e9 d\u2019assister \u00e0 l&rsquo;un de nos cours en live !<\/span><\/p>\t\t\t\t\t\t\t\t<\/div>\n\t\t\t\t\t<\/div>\n\t\t\t\t<\/div>\n\t\t<div data-particle_enable=\"false\" data-particle-mobile-disabled=\"false\" class=\"elementor-element elementor-element-db6a4b6 e-con-full e-flex e-con e-child\" data-id=\"db6a4b6\" data-element_type=\"container\" data-e-type=\"container\">\n\t\t\t\t<div class=\"elementor-element elementor-element-9599927 elementor-widget elementor-widget-heading\" data-id=\"9599927\" data-element_type=\"widget\" data-e-type=\"widget\" data-widget_type=\"heading.default\">\n\t\t\t\t\t<h3 class=\"elementor-heading-title elementor-size-default\">\u00c9changes avec nos professeurs et \u00e9tudiants<\/h3>\t\t\t\t<\/div>\n\t\t\t\t<div class=\"elementor-element elementor-element-4a11000 elementor-widget elementor-widget-text-editor\" data-id=\"4a11000\" data-element_type=\"widget\" data-e-type=\"widget\" data-widget_type=\"text-editor.default\">\n\t\t\t\t\t\t\t\t\t<p>Rencontrez nos professeurs et \u00e9tudiants pour en savoir plus sur la vie sur le campus, explorer nos programmes et d\u00e9couvrir comment nos cours sont con\u00e7us pour favoriser votre r\u00e9ussite professionnelle.<\/p>\t\t\t\t\t\t\t\t<\/div>\n\t\t\t\t<\/div>\n\t\t<div data-particle_enable=\"false\" data-particle-mobile-disabled=\"false\" class=\"elementor-element elementor-element-19c0518 e-con-full e-flex e-con e-child\" data-id=\"19c0518\" data-element_type=\"container\" data-e-type=\"container\">\n\t\t\t\t<div class=\"elementor-element elementor-element-3e5bbad elementor-widget elementor-widget-heading\" data-id=\"3e5bbad\" data-element_type=\"widget\" data-e-type=\"widget\" data-widget_type=\"heading.default\">\n\t\t\t\t\t<h3 class=\"elementor-heading-title elementor-size-default\">Process d'admission<\/h3>\t\t\t\t<\/div>\n\t\t\t\t<div class=\"elementor-element elementor-element-3670842 elementor-widget elementor-widget-text-editor\" data-id=\"3670842\" data-element_type=\"widget\" data-e-type=\"widget\" data-widget_type=\"text-editor.default\">\n\t\t\t\t\t\t\t\t\t<p><span data-teams=\"true\">Nos \u00e9quipes sont \u00e0 votre disposition pour vous accompagner et vous fournir toutes les informations n\u00e9cessaires afin de mieux comprendre les attentes de notre processus d\u2019admission et de vous orienter au mieux dans votre parcours de formation.<\/span><\/p>\t\t\t\t\t\t\t\t<\/div>\n\t\t\t\t<\/div>\n\t\t<div data-particle_enable=\"false\" data-particle-mobile-disabled=\"false\" class=\"elementor-element elementor-element-21682c5 e-con-full e-flex e-con e-child\" data-id=\"21682c5\" data-element_type=\"container\" data-e-type=\"container\">\n\t\t\t\t<div class=\"elementor-element elementor-element-81c7b12 elementor-widget elementor-widget-heading\" data-id=\"81c7b12\" data-element_type=\"widget\" data-e-type=\"widget\" data-widget_type=\"heading.default\">\n\t\t\t\t\t<h3 class=\"elementor-heading-title elementor-size-default\">Ap\u00e9ritif &amp; Jeux:<\/h3>\t\t\t\t<\/div>\n\t\t\t\t<div class=\"elementor-element elementor-element-169f3d6 elementor-widget elementor-widget-text-editor\" data-id=\"169f3d6\" data-element_type=\"widget\" data-e-type=\"widget\" data-widget_type=\"text-editor.default\">\n\t\t\t\t\t\t\t\t\t<p><span data-teams=\"true\">Partagez un moment d&rsquo;\u00e9change et de convivialit\u00e9 autour d&rsquo;un ap\u00e9rtif avec le staff de l&rsquo;\u00e9cole, les \u00e9tudiants et les professeurs. Vous pourrez \u00e9galement profiter de notre PlayStation 5 et d\u2019un large choix de jeux pour une exp\u00e9rience divertissante.<\/span><\/p>\t\t\t\t\t\t\t\t<\/div>\n\t\t\t\t<\/div>\n\t\t\t\t\t<\/div>\n\t\t\t\t<\/div>\n\t\t\t\t\t<\/div>\n\t\t\t\t<\/div>\n\t\t<div data-particle_enable=\"false\" data-particle-mobile-disabled=\"false\" class=\"elementor-element elementor-element-ab7c790 e-flex e-con-boxed e-con e-parent\" data-id=\"ab7c790\" data-element_type=\"container\" data-e-type=\"container\">\n\t\t\t\t\t<div class=\"e-con-inner\">\n\t\t<div data-particle_enable=\"false\" data-particle-mobile-disabled=\"false\" class=\"elementor-element elementor-element-38d47af e-flex e-con-boxed e-con e-child\" data-id=\"38d47af\" data-element_type=\"container\" data-e-type=\"container\">\n\t\t\t\t\t<div class=\"e-con-inner\">\n\t\t\t\t<div class=\"elementor-element elementor-element-31fc454 elementor-widget elementor-widget-heading\" data-id=\"31fc454\" data-element_type=\"widget\" data-e-type=\"widget\" data-widget_type=\"heading.default\">\n\t\t\t\t\t<h3 class=\"elementor-heading-title elementor-size-default\">Contactez-nous<\/h3>\t\t\t\t<\/div>\n\t\t\t\t<div class=\"elementor-element elementor-element-f31241f elementor-widget elementor-widget-text-editor\" data-id=\"f31241f\" data-element_type=\"widget\" data-e-type=\"widget\" data-widget_type=\"text-editor.default\">\n\t\t\t\t\t\t\t\t\t<p><strong>Nice-Sophia Antipolis Campus \u2013 <a href=\"https:\/\/g.page\/DSTI-Sophia\" target=\"_blank\" rel=\"noopener\">Google Maps URL<\/a><br \/><\/strong>Les Templiers, 950 Route des Colles 06410 Biot (Sophia-Antipolis), France<\/p>\n<p><strong>Campus de Paris &#8211; <a href=\"https:\/\/g.page\/DSTI-Paris\" target=\"_blank\" rel=\"noopener\">Google Maps URL<\/a><br \/><\/strong>4 Rue de la Coll\u00e9giale 75005 Paris, France<br \/><em><strong>M\u00e9tro Ligne 7 &#8211; <span data-teams=\"true\">Station Les Gobelins<\/span><\/strong><\/em><\/p>\n<p>N&rsquo;h\u00e9sitez pas \u00e0 nous contacter, pour toute question, par email <span data-teams=\"true\"><a id=\"menurdap\" class=\"fui-Link ___1q1shib f2hkw1w f3rmtva f1ewtqcl fyind8e f1k6fduh f1w7gpdv fk6fouc fjoy568 figsok6 f1s184ao f1mk8lai fnbmjn9 f1o700av f13mvf36 f1cmlufx f9n3di6 f1ids18y f1tx3yz7 f1deo86v f1eh06m1 f1iescvh fhgqx19 f1olyrje f1p93eir f1nev41a f1h8hb77 f1lqvz6u f10aw75t fsle3fq f17ae5zn\" title=\"mailto:contact@dsti.school\" href=\"mailto:contact@dsti.school\" target=\"_blank\" rel=\"noreferrer noopener\" aria-label=\"Link contact@dsti.school\">contact@dsti.school<\/a><\/span> ou par t\u00e9l\u00e9phone : <a href=\"tel:+33489412944\">+33 (0) 489 412 944<\/a><\/p>\n\t\t\t\t\t\t\t\t<\/div>\n\t\t\t\t\t<\/div>\n\t\t\t\t<\/div>\n\t\t\t\t\t<\/div>\n\t\t\t\t<\/div>\n\t\t\t\t<\/div>\n\t\t","protected":false},"excerpt":{"rendered":"<p>Journ\u00e9es Portes Ouvertes DSTI &#8211; 2025<\/p>\n","protected":false},"author":3,"featured_media":27924,"parent":0,"menu_order":0,"comment_status":"closed","ping_status":"closed","template":"","meta":{"content-type":"","inline_featured_image":false,"footnotes":""},"categories":[],"tags":[],"class_list":["post-28814","page","type-page","status-publish","has-post-thumbnail","hentry"],"_links":{"self":[{"href":"https:\/\/dsti.school\/fr\/wp-json\/wp\/v2\/pages\/28814","targetHints":{"allow":["GET"]}}],"collection":[{"href":"https:\/\/dsti.school\/fr\/wp-json\/wp\/v2\/pages"}],"about":[{"href":"https:\/\/dsti.school\/fr\/wp-json\/wp\/v2\/types\/page"}],"author":[{"embeddable":true,"href":"https:\/\/dsti.school\/fr\/wp-json\/wp\/v2\/users\/3"}],"replies":[{"embeddable":true,"href":"https:\/\/dsti.school\/fr\/wp-json\/wp\/v2\/comments?post=28814"}],"version-history":[{"count":69,"href":"https:\/\/dsti.school\/fr\/wp-json\/wp\/v2\/pages\/28814\/revisions"}],"predecessor-version":[{"id":42338,"href":"https:\/\/dsti.school\/fr\/wp-json\/wp\/v2\/pages\/28814\/revisions\/42338"}],"wp:featuredmedia":[{"embeddable":true,"href":"https:\/\/dsti.school\/fr\/wp-json\/wp\/v2\/media\/27924"}],"wp:attachment":[{"href":"https:\/\/dsti.school\/fr\/wp-json\/wp\/v2\/media?parent=28814"}],"wp:term":[{"taxonomy":"category","embeddable":true,"href":"https:\/\/dsti.school\/fr\/wp-json\/wp\/v2\/categories?post=28814"},{"taxonomy":"post_tag","embeddable":true,"href":"https:\/\/dsti.school\/fr\/wp-json\/wp\/v2\/tags?post=28814"}],"curies":[{"name":"wp","href":"https:\/\/api.w.org\/{rel}","templated":true}]}}