{"id":27505,"date":"2023-12-11T14:46:29","date_gmt":"2023-12-11T13:46:29","guid":{"rendered":"https:\/\/www.datasciencetech.institute\/evenements-a-data-sciencetech-institute-dsti\/"},"modified":"2025-04-01T16:01:05","modified_gmt":"2025-04-01T14:01:05","slug":"evenements-a-data-sciencetech-institute-dsti","status":"publish","type":"page","link":"https:\/\/dsti.school\/fr\/evenements-a-data-sciencetech-institute-dsti\/","title":{"rendered":"\u00c9v\u00e9nements \u00e0 Data ScienceTech Institute (DSTI)"},"content":{"rendered":"\t\t<div data-elementor-type=\"wp-page\" data-elementor-id=\"27505\" class=\"elementor elementor-27505 elementor-27500\" data-elementor-post-type=\"page\">\n\t\t\t\t<div data-particle_enable=\"false\" data-particle-mobile-disabled=\"false\" class=\"elementor-element elementor-element-bd57395 e-flex e-con-boxed e-con e-parent\" data-id=\"bd57395\" data-element_type=\"container\" data-e-type=\"container\">\n\t\t\t\t\t<div class=\"e-con-inner\">\n\t\t\t\t<div class=\"elementor-element elementor-element-bd5685c elementor-widget elementor-widget-heading\" data-id=\"bd5685c\" data-element_type=\"widget\" data-e-type=\"widget\" data-widget_type=\"heading.default\">\n\t\t\t\t\t<h1 class=\"elementor-heading-title elementor-size-default\">Events at DSTI School of Engineering<\/h1>\t\t\t\t<\/div>\n\t\t\t\t<div class=\"elementor-element elementor-element-9346db8 elementor-widget elementor-widget-text-editor\" data-id=\"9346db8\" data-element_type=\"widget\" data-e-type=\"widget\" data-widget_type=\"text-editor.default\">\n\t\t\t\t\t\t\t\t\t<p>Bienvenue sur la page des \u00c9v\u00e9nements de Data ScienceTech Institute (DSTI) ! D\u00e9couvrez une gamme passionnante d&rsquo;opportunit\u00e9s pour interagir avec notre communaut\u00e9, que vous soyez un futur \u00e9tudiant ou un professionnel. Avec des Journ\u00e9es Portes Ouvertes, des webinaires dirig\u00e9s par des experts, et des visites de campus, nos \u00e9v\u00e9nements offrent un aper\u00e7u de nos programmes innovants, y compris le Applied Bachelor et les Applied MSc. Chaque \u00e9v\u00e9nement vise \u00e0 connecter les participants avec la dynamique communaut\u00e9 DSTI.   <\/p>\n\t\t\t\t\t\t\t\t<\/div>\n\t\t\t\t\t<\/div>\n\t\t\t\t<\/div>\n\t\t<div data-particle_enable=\"false\" data-particle-mobile-disabled=\"false\" class=\"elementor-element elementor-element-0c2ae42 e-flex e-con-boxed e-con e-parent\" data-id=\"0c2ae42\" data-element_type=\"container\" data-e-type=\"container\">\n\t\t\t\t\t<div class=\"e-con-inner\">\n\t\t\t\t<div class=\"elementor-element elementor-element-7a90b67 elementor-widget elementor-widget-heading\" data-id=\"7a90b67\" data-element_type=\"widget\" data-e-type=\"widget\" data-widget_type=\"heading.default\">\n\t\t\t\t\t<h2 class=\"elementor-heading-title elementor-size-default\">Events in 2025<\/h2>\t\t\t\t<\/div>\n\t\t\t\t\t<\/div>\n\t\t\t\t<\/div>\n\t\t<div data-particle_enable=\"false\" data-particle-mobile-disabled=\"false\" class=\"elementor-element elementor-element-6e45c9a elementor-hidden-desktop elementor-hidden-tablet elementor-hidden-mobile e-flex e-con-boxed e-con e-parent\" data-id=\"6e45c9a\" data-element_type=\"container\" data-e-type=\"container\">\n\t\t\t\t\t<div class=\"e-con-inner\">\n\t\t\t\t<div class=\"elementor-element elementor-element-896fe64 elementor-widget elementor-widget-heading\" data-id=\"896fe64\" data-element_type=\"widget\" data-e-type=\"widget\" data-widget_type=\"heading.default\">\n\t\t\t\t\t<h2 class=\"elementor-heading-title elementor-size-default\">\u00c9v\u00e9nements pass\u00e9s<\/h2>\t\t\t\t<\/div>\n\t\t\t\t<div class=\"elementor-element elementor-element-87e9d54 elementor-grid-3 elementor-grid-tablet-2 elementor-grid-mobile-1 elementor-widget elementor-widget-loop-grid\" data-id=\"87e9d54\" data-element_type=\"widget\" data-e-type=\"widget\" data-settings=\"{&quot;template_id&quot;:27516,&quot;_skin&quot;:&quot;post&quot;,&quot;columns&quot;:&quot;3&quot;,&quot;columns_tablet&quot;:&quot;2&quot;,&quot;columns_mobile&quot;:&quot;1&quot;,&quot;edit_handle_selector&quot;:&quot;[data-elementor-type=\\&quot;loop-item\\&quot;]&quot;,&quot;row_gap&quot;:{&quot;unit&quot;:&quot;px&quot;,&quot;size&quot;:&quot;&quot;,&quot;sizes&quot;:[]},&quot;row_gap_tablet&quot;:{&quot;unit&quot;:&quot;px&quot;,&quot;size&quot;:&quot;&quot;,&quot;sizes&quot;:[]},&quot;row_gap_mobile&quot;:{&quot;unit&quot;:&quot;px&quot;,&quot;size&quot;:&quot;&quot;,&quot;sizes&quot;:[]}}\" data-widget_type=\"loop-grid.post\">\n\t\t\t\t<div class=\"elementor-widget-container\">\n\t\t\t\t\t\t\t<div class=\"e-loop-nothing-found-message\">\n\t\t<\/div>\n\t\t\t\t\t\t<\/div>\n\t\t\t\t<\/div>\n\t\t\t\t\t<\/div>\n\t\t\t\t<\/div>\n\t\t\t\t<\/div>\n\t\t","protected":false},"excerpt":{"rendered":"<p>Events at DSTI School of Engineering Bienvenue sur la page des \u00c9v\u00e9nements de Data ScienceTech Institute (DSTI) ! D\u00e9couvrez une gamme passionnante d&rsquo;opportunit\u00e9s pour interagir avec notre communaut\u00e9, que vous soyez un futur \u00e9tudiant ou un professionnel. Avec des Journ\u00e9es Portes Ouvertes, des webinaires dirig\u00e9s par des experts, et des visites de campus, nos \u00e9v\u00e9nements [&hellip;]<\/p>\n","protected":false},"author":3,"featured_media":0,"parent":0,"menu_order":0,"comment_status":"closed","ping_status":"closed","template":"","meta":{"content-type":"","inline_featured_image":false,"footnotes":""},"categories":[],"tags":[],"class_list":["post-27505","page","type-page","status-publish","hentry"],"_links":{"self":[{"href":"https:\/\/dsti.school\/fr\/wp-json\/wp\/v2\/pages\/27505","targetHints":{"allow":["GET"]}}],"collection":[{"href":"https:\/\/dsti.school\/fr\/wp-json\/wp\/v2\/pages"}],"about":[{"href":"https:\/\/dsti.school\/fr\/wp-json\/wp\/v2\/types\/page"}],"author":[{"embeddable":true,"href":"https:\/\/dsti.school\/fr\/wp-json\/wp\/v2\/users\/3"}],"replies":[{"embeddable":true,"href":"https:\/\/dsti.school\/fr\/wp-json\/wp\/v2\/comments?post=27505"}],"version-history":[{"count":20,"href":"https:\/\/dsti.school\/fr\/wp-json\/wp\/v2\/pages\/27505\/revisions"}],"predecessor-version":[{"id":43301,"href":"https:\/\/dsti.school\/fr\/wp-json\/wp\/v2\/pages\/27505\/revisions\/43301"}],"wp:attachment":[{"href":"https:\/\/dsti.school\/fr\/wp-json\/wp\/v2\/media?parent=27505"}],"wp:term":[{"taxonomy":"category","embeddable":true,"href":"https:\/\/dsti.school\/fr\/wp-json\/wp\/v2\/categories?post=27505"},{"taxonomy":"post_tag","embeddable":true,"href":"https:\/\/dsti.school\/fr\/wp-json\/wp\/v2\/tags?post=27505"}],"curies":[{"name":"wp","href":"https:\/\/api.w.org\/{rel}","templated":true}]}}