{"id":26427,"date":"2023-11-13T13:41:21","date_gmt":"2023-11-13T12:41:21","guid":{"rendered":"https:\/\/www.datasciencetech.institute\/telecharger-la-brochure-de-dsti\/"},"modified":"2025-03-05T13:45:24","modified_gmt":"2025-03-05T12:45:24","slug":"telecharger-la-brochure","status":"publish","type":"page","link":"https:\/\/dsti.school\/fr\/telecharger-la-brochure\/","title":{"rendered":"T\u00e9l\u00e9charger la Brochure de DSTI"},"content":{"rendered":"\t\t<div data-elementor-type=\"wp-page\" data-elementor-id=\"26427\" class=\"elementor elementor-26427 elementor-26369\" data-elementor-post-type=\"page\">\n\t\t\t\t<div data-particle_enable=\"false\" data-particle-mobile-disabled=\"false\" class=\"elementor-element elementor-element-2e33736 e-flex e-con-boxed e-con e-parent\" data-id=\"2e33736\" data-element_type=\"container\" data-e-type=\"container\">\n\t\t\t\t\t<div class=\"e-con-inner\">\n\t\t<div data-particle_enable=\"false\" data-particle-mobile-disabled=\"false\" class=\"elementor-element elementor-element-c6aa561 e-con-full e-flex e-con e-child\" data-id=\"c6aa561\" data-element_type=\"container\" data-e-type=\"container\">\n\t\t\t\t<div class=\"elementor-element elementor-element-9cc8c5f elementor-widget elementor-widget-heading\" data-id=\"9cc8c5f\" data-element_type=\"widget\" data-e-type=\"widget\" data-widget_type=\"heading.default\">\n\t\t\t\t\t<h1 class=\"elementor-heading-title elementor-size-default\">D\u00e9couvrez Votre Avenir dans la Science des Donn\u00e9es et l'IA<\/h1>\t\t\t\t<\/div>\n\t\t\t\t<div class=\"elementor-element elementor-element-b027c13 elementor-widget elementor-widget-image\" data-id=\"b027c13\" data-element_type=\"widget\" data-e-type=\"widget\" data-widget_type=\"image.default\">\n\t\t\t\t\t\t\t\t\t\t\t\t\t\t\t<img fetchpriority=\"high\" decoding=\"async\" width=\"600\" height=\"400\" src=\"https:\/\/media.dsti.school\/wp-content\/uploads\/2023\/11\/29160910\/Download-DSTI-Brochure-2.png\" class=\"attachment-large size-large wp-image-26457\" alt=\"\" srcset=\"https:\/\/media.dsti.school\/wp-content\/uploads\/2023\/11\/29160910\/Download-DSTI-Brochure-2.png 600w, https:\/\/media.dsti.school\/wp-content\/uploads\/2023\/11\/29160910\/Download-DSTI-Brochure-2-300x200.png 300w\" sizes=\"(max-width: 600px) 100vw, 600px\" \/>\t\t\t\t\t\t\t\t\t\t\t\t\t\t\t<\/div>\n\t\t\t\t<div class=\"elementor-element elementor-element-3be0edf elementor-widget elementor-widget-text-editor\" data-id=\"3be0edf\" data-element_type=\"widget\" data-e-type=\"widget\" data-widget_type=\"text-editor.default\">\n\t\t\t\t\t\t\t\t\t<p>D\u00e9couvrez le potentiel d&rsquo;une carri\u00e8re en Science des Donn\u00e9es et IA avec les programmes de DSTI align\u00e9s sur l&rsquo;industrie. Apprenez-en plus sur nos cours d&rsquo;Applied Bachelor et Applied MSc, notre approche d&rsquo;apprentissage pratique, nos partenariats strat\u00e9giques, et les opportunit\u00e9s de carri\u00e8re. T\u00e9l\u00e9chargez notre brochure pour plus de d\u00e9tails.  <\/p>\n\t\t\t\t\t\t\t\t<\/div>\n\t\t\t\t<\/div>\n\t\t<div data-particle_enable=\"false\" data-particle-mobile-disabled=\"false\" class=\"elementor-element elementor-element-ace6648 e-con-full e-flex e-con e-child\" data-id=\"ace6648\" data-element_type=\"container\" data-e-type=\"container\">\n\t\t\t\t<div class=\"elementor-element elementor-element-d0372cc elementor-widget elementor-widget-hubspot-form\" data-id=\"d0372cc\" data-element_type=\"widget\" data-e-type=\"widget\" data-widget_type=\"hubspot-form.default\">\n\t\t\t\t<div class=\"elementor-widget-container\">\n\t\t\t\t\t\n\t\t\t\t\t\t<script>\n\t\t\t\t\t\t\twindow.hsFormsOnReady = window.hsFormsOnReady || [];\n\t\t\t\t\t\t\twindow.hsFormsOnReady.push(()=>{\n\t\t\t\t\t\t\t\thbspt.forms.create({\n\t\t\t\t\t\t\t\t\tportalId: 25112398,\n\t\t\t\t\t\t\t\t\tformId: \"60b81392-8e2f-4be2-974f-16ddeba2ce1f\",\n\t\t\t\t\t\t\t\t\ttarget: \"#hbspt-form-1778135395000-4449337132\",\n\t\t\t\t\t\t\t\t\tregion: \"eu1\",\n\t\t\t\t\t\t\t\t\t\n\t\t\t\t\t\t\t})});\n\t\t\t\t\t\t<\/script>\n\t\t\t\t\t\t<div class=\"hbspt-form\" id=\"hbspt-form-1778135395000-4449337132\"><\/div>\t\t\t\t<\/div>\n\t\t\t\t<\/div>\n\t\t\t\t<\/div>\n\t\t\t\t\t<\/div>\n\t\t\t\t<\/div>\n\t\t\t\t<\/div>\n\t\t","protected":false},"excerpt":{"rendered":"<p>D\u00e9couvrez Votre Avenir dans la Science des Donn\u00e9es et l&rsquo;IA D\u00e9couvrez le potentiel d&rsquo;une carri\u00e8re en Science des Donn\u00e9es et IA avec les programmes de DSTI align\u00e9s sur l&rsquo;industrie. Apprenez-en plus sur nos cours d&rsquo;Applied Bachelor et Applied MSc, notre approche d&rsquo;apprentissage pratique, nos partenariats strat\u00e9giques, et les opportunit\u00e9s de carri\u00e8re. T\u00e9l\u00e9chargez notre brochure pour [&hellip;]<\/p>\n","protected":false},"author":3,"featured_media":26438,"parent":0,"menu_order":0,"comment_status":"closed","ping_status":"closed","template":"","meta":{"content-type":"","inline_featured_image":false,"footnotes":""},"categories":[],"tags":[],"class_list":["post-26427","page","type-page","status-publish","has-post-thumbnail","hentry"],"_links":{"self":[{"href":"https:\/\/dsti.school\/fr\/wp-json\/wp\/v2\/pages\/26427","targetHints":{"allow":["GET"]}}],"collection":[{"href":"https:\/\/dsti.school\/fr\/wp-json\/wp\/v2\/pages"}],"about":[{"href":"https:\/\/dsti.school\/fr\/wp-json\/wp\/v2\/types\/page"}],"author":[{"embeddable":true,"href":"https:\/\/dsti.school\/fr\/wp-json\/wp\/v2\/users\/3"}],"replies":[{"embeddable":true,"href":"https:\/\/dsti.school\/fr\/wp-json\/wp\/v2\/comments?post=26427"}],"version-history":[{"count":3,"href":"https:\/\/dsti.school\/fr\/wp-json\/wp\/v2\/pages\/26427\/revisions"}],"predecessor-version":[{"id":42928,"href":"https:\/\/dsti.school\/fr\/wp-json\/wp\/v2\/pages\/26427\/revisions\/42928"}],"wp:featuredmedia":[{"embeddable":true,"href":"https:\/\/dsti.school\/fr\/wp-json\/wp\/v2\/media\/26438"}],"wp:attachment":[{"href":"https:\/\/dsti.school\/fr\/wp-json\/wp\/v2\/media?parent=26427"}],"wp:term":[{"taxonomy":"category","embeddable":true,"href":"https:\/\/dsti.school\/fr\/wp-json\/wp\/v2\/categories?post=26427"},{"taxonomy":"post_tag","embeddable":true,"href":"https:\/\/dsti.school\/fr\/wp-json\/wp\/v2\/tags?post=26427"}],"curies":[{"name":"wp","href":"https:\/\/api.w.org\/{rel}","templated":true}]}}