{"id":24414,"date":"2023-09-07T13:13:07","date_gmt":"2023-09-07T11:13:07","guid":{"rendered":"https:\/\/play3.dsti.co\/etudes-et-handicap\/"},"modified":"2025-03-17T15:36:35","modified_gmt":"2025-03-17T14:36:35","slug":"etudes-et-handicap","status":"publish","type":"page","link":"https:\/\/dsti.school\/fr\/etudes-et-handicap\/","title":{"rendered":"Etudes et handicap"},"content":{"rendered":"\t\t<div data-elementor-type=\"wp-page\" data-elementor-id=\"24414\" class=\"elementor elementor-24414 elementor-24340\" data-elementor-post-type=\"page\">\n\t\t\t\t<div data-particle_enable=\"false\" data-particle-mobile-disabled=\"false\" class=\"elementor-element elementor-element-4b9e053 e-flex e-con-boxed e-con e-parent\" data-id=\"4b9e053\" data-element_type=\"container\" data-e-type=\"container\">\n\t\t\t\t\t<div class=\"e-con-inner\">\n\t\t<div data-particle_enable=\"false\" data-particle-mobile-disabled=\"false\" class=\"elementor-element elementor-element-c75a4b9 e-flex e-con-boxed e-con e-child\" data-id=\"c75a4b9\" data-element_type=\"container\" data-e-type=\"container\">\n\t\t\t\t\t<div class=\"e-con-inner\">\n\t\t\t\t<div class=\"elementor-element elementor-element-a6ae669 elementor-widget elementor-widget-heading\" data-id=\"a6ae669\" data-element_type=\"widget\" data-e-type=\"widget\" data-widget_type=\"heading.default\">\n\t\t\t\t\t<h1 class=\"elementor-heading-title elementor-size-default\">Etudes et handicap<\/h1>\t\t\t\t<\/div>\n\t\t\t\t\t<\/div>\n\t\t\t\t<\/div>\n\t\t<div data-particle_enable=\"false\" data-particle-mobile-disabled=\"false\" class=\"elementor-element elementor-element-f28f187 e-con-full e-flex e-con e-child\" data-id=\"f28f187\" data-element_type=\"container\" data-e-type=\"container\">\n\t\t\t\t<div class=\"elementor-element elementor-element-1859193 elementor-widget elementor-widget-image\" data-id=\"1859193\" data-element_type=\"widget\" data-e-type=\"widget\" data-widget_type=\"image.default\">\n\t\t\t\t\t\t\t\t\t\t\t\t\t\t\t<img fetchpriority=\"high\" decoding=\"async\" width=\"600\" height=\"400\" src=\"https:\/\/media.dsti.school\/wp-content\/uploads\/2023\/09\/29160939\/Studies-and-Disabilities.png\" class=\"attachment-large size-large wp-image-24343\" alt=\"\" srcset=\"https:\/\/media.dsti.school\/wp-content\/uploads\/2023\/09\/29160939\/Studies-and-Disabilities.png 600w, https:\/\/media.dsti.school\/wp-content\/uploads\/2023\/09\/29160939\/Studies-and-Disabilities-300x200.png 300w\" sizes=\"(max-width: 600px) 100vw, 600px\" \/>\t\t\t\t\t\t\t\t\t\t\t\t\t\t\t<\/div>\n\t\t\t\t<\/div>\n\t\t\t\t\t<\/div>\n\t\t\t\t<\/div>\n\t\t<div data-particle_enable=\"false\" data-particle-mobile-disabled=\"false\" class=\"elementor-element elementor-element-5dae9b8 e-flex e-con-boxed e-con e-parent\" data-id=\"5dae9b8\" data-element_type=\"container\" data-e-type=\"container\">\n\t\t\t\t\t<div class=\"e-con-inner\">\n\t\t<div data-particle_enable=\"false\" data-particle-mobile-disabled=\"false\" class=\"elementor-element elementor-element-3e3d6ed e-flex e-con-boxed e-con e-child\" data-id=\"3e3d6ed\" data-element_type=\"container\" data-e-type=\"container\">\n\t\t\t\t\t<div class=\"e-con-inner\">\n\t\t\t\t<div class=\"elementor-element elementor-element-f21c0be elementor-widget elementor-widget-text-editor\" data-id=\"f21c0be\" data-element_type=\"widget\" data-e-type=\"widget\" data-widget_type=\"text-editor.default\">\n\t\t\t\t\t\t\t\t\t<p>\u00c0 Data ScienceTech Institute (DSTI), nous nous effor\u00e7ons de cr\u00e9er un environnement d&rsquo;apprentissage inclusif qui r\u00e9pond aux besoins vari\u00e9s de tous nos \u00e9tudiants. Reconnaissant l&rsquo;importance de l&rsquo;accessibilit\u00e9, nous avons mis en \u0153uvre des mesures sp\u00e9cifiques pour soutenir les \u00e9tudiants avec des handicaps particuliers, assurant ainsi qu&rsquo;ils aient toutes les opportunit\u00e9s de r\u00e9ussir dans nos programmes Applied Bachelor and MSc. Poursuivez votre lecture pour d\u00e9couvrir nos provisions et le soutien propos\u00e9, ainsi qu&rsquo;un message sp\u00e9cial de notre CEO, S\u00e9bastien Corniglion.  <\/p>\n\t\t\t\t\t\t\t\t<\/div>\n\t\t\t\t\t<\/div>\n\t\t\t\t<\/div>\n\t\t<div data-particle_enable=\"false\" data-particle-mobile-disabled=\"false\" class=\"elementor-element elementor-element-67ea856 e-con-full e-flex e-con e-child\" data-id=\"67ea856\" data-element_type=\"container\" data-e-type=\"container\">\n\t\t<div data-particle_enable=\"false\" data-particle-mobile-disabled=\"false\" class=\"elementor-element elementor-element-ead6eee e-flex e-con-boxed e-con e-child\" data-id=\"ead6eee\" data-element_type=\"container\" data-e-type=\"container\">\n\t\t\t\t\t<div class=\"e-con-inner\">\n\t\t<div data-particle_enable=\"false\" data-particle-mobile-disabled=\"false\" class=\"elementor-element elementor-element-8af9e9c e-con-full e-flex e-con e-child\" data-id=\"8af9e9c\" data-element_type=\"container\" data-e-type=\"container\">\n\t\t\t\t<div class=\"elementor-element elementor-element-7c55254 elementor-widget elementor-widget-heading\" data-id=\"7c55254\" data-element_type=\"widget\" data-e-type=\"widget\" data-widget_type=\"heading.default\">\n\t\t\t\t\t<h2 class=\"elementor-heading-title elementor-size-default\">Un message de notre CEO.<\/h2>\t\t\t\t<\/div>\n\t\t\t\t<\/div>\n\t\t<div data-particle_enable=\"false\" data-particle-mobile-disabled=\"false\" class=\"elementor-element elementor-element-ddb27a0 e-con-full e-flex e-con e-child\" data-id=\"ddb27a0\" data-element_type=\"container\" data-e-type=\"container\">\n\t\t\t\t<div class=\"elementor-element elementor-element-6767938 elementor-widget elementor-widget-image\" data-id=\"6767938\" data-element_type=\"widget\" data-e-type=\"widget\" data-widget_type=\"image.default\">\n\t\t\t\t\t\t\t\t\t\t\t\t\t\t\t<img decoding=\"async\" width=\"800\" height=\"800\" src=\"https:\/\/media.dsti.school\/wp-content\/uploads\/2023\/03\/29161013\/Sebastien-Corniglion.jpg\" class=\"attachment-large size-large wp-image-13332\" alt=\"\" srcset=\"https:\/\/media.dsti.school\/wp-content\/uploads\/2023\/03\/29161013\/Sebastien-Corniglion.jpg 800w, https:\/\/media.dsti.school\/wp-content\/uploads\/2023\/03\/29161013\/Sebastien-Corniglion-300x300.jpg 300w, https:\/\/media.dsti.school\/wp-content\/uploads\/2023\/03\/29161013\/Sebastien-Corniglion-150x150.jpg 150w, https:\/\/media.dsti.school\/wp-content\/uploads\/2023\/03\/29161013\/Sebastien-Corniglion-768x768.jpg 768w\" sizes=\"(max-width: 800px) 100vw, 800px\" \/>\t\t\t\t\t\t\t\t\t\t\t\t\t\t\t<\/div>\n\t\t\t\t<\/div>\n\t\t\t\t\t<\/div>\n\t\t\t\t<\/div>\n\t\t\t\t<div class=\"elementor-element elementor-element-5380a71 elementor-widget elementor-widget-text-editor\" data-id=\"5380a71\" data-element_type=\"widget\" data-e-type=\"widget\" data-widget_type=\"text-editor.default\">\n\t\t\t\t\t\t\t\t\t<p>Madame, Monsieur,<\/p><p>Par la nature des sujets propos\u00e9s par Data ScienceTech Institute (DSTI) dans les programmes \u00ab Applied MSc \u00bb et tous leurs cours en sous-ensemble, j\u2019atteste par la pr\u00e9sente que l\u2019acc\u00e8s \u00e0 des personnes en situation de handicap se limite au:<\/p><ol><li>Handicap moteur pour la mobilit\u00e9 (et non pas l\u2019utilisation des mains), sur les campus physiques de DSTI, qui sont habilit\u00e9 \u2018Personnes \u00e0 Mobilit\u00e9 R\u00e9duite\u2019.<\/li><li>Des troubles l\u00e9gers de la vue et de l\u2019audition, qui sont compl\u00e9t\u00e9s par la possibilit\u00e9 de suivre les enseignements en direct sur son propre ordinateur, ou en diff\u00e9r\u00e9, l\u2019ensemble des enseignements \u00e9tant enregistr\u00e9s et num\u00e9ris\u00e9s.<\/li><li>Des situations m\u00e9dicales permanentes ou transitoires ne nuisant pas aux capacit\u00e9s motrices des mains ni la vue ou l\u2019audition tels que d\u00e9crits dans les points ci-dessus, et pour lesquels un tiers-temps aux examens peut \u00eatre accord\u00e9 par la Direction des \u00c9tudes de l\u2019\u00c9cole.<\/li><\/ol><p>Des situations de handicap d\u00e9passant ces trois crit\u00e8res seraient incompatibles avec le suivi d\u2019\u00e9tudes \u00e0 DSTI et l\u2019\u00c9cole ne pourrait admettre et inscrire le candidat.<\/p><p>Fait pour faire valoir ce que de droit.<\/p><p>S\u00e9bastien Corniglion<\/p><p>CEO<\/p>\t\t\t\t\t\t\t\t<\/div>\n\t\t\t\t<\/div>\n\t\t<div data-particle_enable=\"false\" data-particle-mobile-disabled=\"false\" class=\"elementor-element elementor-element-5aa1e1a e-flex e-con-boxed e-con e-child\" data-id=\"5aa1e1a\" data-element_type=\"container\" data-e-type=\"container\">\n\t\t\t\t\t<div class=\"e-con-inner\">\n\t\t\t\t<div class=\"elementor-element elementor-element-0c8392b elementor-widget elementor-widget-text-editor\" data-id=\"0c8392b\" data-element_type=\"widget\" data-e-type=\"widget\" data-widget_type=\"text-editor.default\">\n\t\t\t\t\t\t\t\t\t<h2>Capacit\u00e9s p\u00e9dagogiques d\u2019accueil des \u00e9tudiants en situation de handicap<\/h2><p>Data ScienceTech Institute s\u2019engage \u00e0 mettre au c\u0153ur de sa strat\u00e9gie l\u2019insertion des personnes handicap\u00e9es en tant qu\u2019\u00e9tudiants en formation initiale et en formation continue.<\/p><p>La volont\u00e9 premi\u00e8re est non seulement de faciliter l\u2019acc\u00e8s des personnes en situation de handicap \u00e0 ses formations, mais \u00e9galement de leur offrir un confort de travail quotidien pendant toute la dur\u00e9e de leur apprentissage.<\/p><p>Si vous \u00eates concern\u00e9s, faites-vous conna\u00eetre d\u00e8s votre inscription aupr\u00e8s de notre \u00e9quipe.<\/p><h3>Liens utiles:<\/h3><ul><li><a href=\"https:\/\/travail-emploi.gouv.fr\/emploi\/emploi-et-handicap\/rqth#Comment-etre-reconnu-travailleur-handicape\" target=\"_blank\" rel=\"noopener\">Comment \u00eatre reconnu travailleur handicap\u00e9?<\/a><\/li><li><a href=\"https:\/\/www.service-public.fr\/particuliers\/vosdroits\/F12242\" target=\"_blank\" rel=\"noopener\">Allocation aux adultes handicap\u00e9s (AAH);<\/a><\/li><li>Acc\u00e8s \u00e0 la plateforme: <a href=\"https:\/\/www.monparcourshandicap.gouv.fr\/mon-parcours-handicap-cest-quoi\" target=\"_blank\" rel=\"noopener\">mon parcours Handicap;<\/a><\/li><li><a href=\"https:\/\/www.prithidf.org\/\" target=\"_blank\" rel=\"noopener\">Plan r\u00e9gional d\u2019insertion des travailleurs handicap\u00e9s d\u2019\u00cele-de-France;<\/a><\/li><li><a href=\"https:\/\/www.handicap.fr\/\" target=\"_blank\" rel=\"noopener\">Acc\u00e8s au portail d\u2019informations au service du handicap et de l\u2019autonomie;<\/a><\/li><li><a href=\"https:\/\/info-handicap.com\/\" target=\"_blank\" rel=\"noopener\">Acc\u00e8s au portail d\u2019informations au service du handicap et de l\u2019autonomie (2);<\/a><\/li><li><a href=\"https:\/\/www.prith-paca.org\" target=\"_blank\" rel=\"noopener\">Plan r\u00e9gional d\u2019insertion des travailleurs handicap\u00e9s (PRITH)<\/a> \u2013 r\u00e9gion PACA.<\/li><li>Acc\u00e8s \u00e0 la plateforme: <a href=\"https:\/\/www.agefiph.fr\/\" target=\"_blank\" rel=\"noopener\">Agefiph<\/a><\/li><\/ul>\t\t\t\t\t\t\t\t<\/div>\n\t\t\t\t\t<\/div>\n\t\t\t\t<\/div>\n\t\t<div data-particle_enable=\"false\" data-particle-mobile-disabled=\"false\" class=\"elementor-element elementor-element-df2f553 e-flex e-con-boxed e-con e-child\" data-id=\"df2f553\" data-element_type=\"container\" data-e-type=\"container\">\n\t\t\t\t\t<div class=\"e-con-inner\">\n\t\t\t\t<div class=\"elementor-element elementor-element-60f71b4 elementor-widget elementor-widget-text-editor\" data-id=\"60f71b4\" data-element_type=\"widget\" data-e-type=\"widget\" data-widget_type=\"text-editor.default\">\n\t\t\t\t\t\t\t\t\t<h3>Contactez le r\u00e9f\u00e9rent Handicap de DSTI:<\/h3>\n<p>Le r\u00e9f\u00e9rent Handicap s\u2019assure d\u2019un accompagnement individuel et facilite l\u2019int\u00e9gration p\u00e9dagogique de tous les \u00e9tudiants en situation de handicap.<\/p>\n\t\t\t\t\t\t\t\t<\/div>\n\t\t\t\t<div class=\"elementor-element elementor-element-4d643d1 elementor-widget elementor-widget-author-box\" data-id=\"4d643d1\" data-element_type=\"widget\" data-e-type=\"widget\" data-widget_type=\"author-box.default\">\n\t\t\t\t\t\t\t<div class=\"elementor-author-box\">\n\t\t\t\t\t\t\t<a href=\"#\" class=\"elementor-author-box__avatar\">\n\t\t\t\t\t<img decoding=\"async\" src=\"https:\/\/media.dsti.school\/wp-content\/uploads\/2023\/09\/29160939\/Laurence-300x269.avif\" alt=\"Image de Laurence CRUCIFIX\" loading=\"lazy\">\n\t\t\t\t<\/a>\n\t\t\t\n\t\t\t<div class=\"elementor-author-box__text\">\n\t\t\t\t\t\t\t\t\t<a href=\"#\">\n\t\t\t\t\t\t<h4 class=\"elementor-author-box__name\">\n\t\t\t\t\t\t\tLaurence CRUCIFIX\t\t\t\t\t\t<\/h4>\n\t\t\t\t\t<\/a>\n\t\t\t\t\n\t\t\t\t\t\t\t\t\t<div class=\"elementor-author-box__bio\">\n\t\t\t\t\t\t<p>laurence.crucifix@dsti.institute or 04 89 41 29 44<\/p>\n\t\t\t\t\t<\/div>\n\t\t\t\t\n\t\t\t\t\t\t\t<\/div>\n\t\t<\/div>\n\t\t\t\t\t\t<\/div>\n\t\t\t\t\t<\/div>\n\t\t\t\t<\/div>\n\t\t\t\t\t<\/div>\n\t\t\t\t<\/div>\n\t\t\t\t<\/div>\n\t\t","protected":false},"excerpt":{"rendered":"<p>\u00c0 Data ScienceTech Institute (DSTI), nous nous effor\u00e7ons de cr\u00e9er un environnement d&rsquo;apprentissage inclusif qui r\u00e9pond aux besoins vari\u00e9s de tous nos \u00e9tudiants. Reconnaissant l&rsquo;importance de l&rsquo;accessibilit\u00e9, nous avons mis en \u0153uvre des mesures sp\u00e9cifiques pour soutenir les \u00e9tudiants avec des handicaps particuliers, assurant ainsi qu&rsquo;ils aient toutes les opportunit\u00e9s de r\u00e9ussir dans nos programmes [&hellip;]<\/p>\n","protected":false},"author":3,"featured_media":0,"parent":0,"menu_order":0,"comment_status":"closed","ping_status":"closed","template":"","meta":{"content-type":"","inline_featured_image":false,"footnotes":""},"categories":[],"tags":[],"class_list":["post-24414","page","type-page","status-publish","hentry"],"_links":{"self":[{"href":"https:\/\/dsti.school\/fr\/wp-json\/wp\/v2\/pages\/24414","targetHints":{"allow":["GET"]}}],"collection":[{"href":"https:\/\/dsti.school\/fr\/wp-json\/wp\/v2\/pages"}],"about":[{"href":"https:\/\/dsti.school\/fr\/wp-json\/wp\/v2\/types\/page"}],"author":[{"embeddable":true,"href":"https:\/\/dsti.school\/fr\/wp-json\/wp\/v2\/users\/3"}],"replies":[{"embeddable":true,"href":"https:\/\/dsti.school\/fr\/wp-json\/wp\/v2\/comments?post=24414"}],"version-history":[{"count":12,"href":"https:\/\/dsti.school\/fr\/wp-json\/wp\/v2\/pages\/24414\/revisions"}],"predecessor-version":[{"id":43121,"href":"https:\/\/dsti.school\/fr\/wp-json\/wp\/v2\/pages\/24414\/revisions\/43121"}],"wp:attachment":[{"href":"https:\/\/dsti.school\/fr\/wp-json\/wp\/v2\/media?parent=24414"}],"wp:term":[{"taxonomy":"category","embeddable":true,"href":"https:\/\/dsti.school\/fr\/wp-json\/wp\/v2\/categories?post=24414"},{"taxonomy":"post_tag","embeddable":true,"href":"https:\/\/dsti.school\/fr\/wp-json\/wp\/v2\/tags?post=24414"}],"curies":[{"name":"wp","href":"https:\/\/api.w.org\/{rel}","templated":true}]}}